{"id":4038,"date":"2023-02-08T15:04:35","date_gmt":"2023-02-08T12:04:35","guid":{"rendered":"https:\/\/dominyay.com.tr\/fr\/?page_id=4038"},"modified":"2023-05-04T13:44:35","modified_gmt":"2023-05-04T10:44:35","slug":"kalite-yonetim-sistemi-politikasi","status":"publish","type":"page","link":"https:\/\/dominyay.com.tr\/fr\/kalite-yonetim-sistemi-politikasi\/","title":{"rendered":"Politique du syst\u00e8me de gestion de la qualit\u00e9"},"content":{"rendered":"\n<style type=\"text\/css\" data-created_by=\"avia_inline_auto\" id=\"style-css-av-b2vv9y-82b0f124eafaabc23e20396b75f63d44\">\n.avia-section.av-b2vv9y-82b0f124eafaabc23e20396b75f63d44{\nbackground-repeat:no-repeat;\nbackground-image:url(https:\/\/dominyay.com.tr\/fr\/wp-content\/uploads\/2022\/11\/keader2.jpg);\nbackground-position:0% 0%;\nbackground-attachment:scroll;\n}\n.avia-section.av-b2vv9y-82b0f124eafaabc23e20396b75f63d44 .av-section-color-overlay{\nopacity:0.5;\nbackground-color:#020202;\n}\n<\/style>\n<div id='av_section_1'  class='avia-section av-b2vv9y-82b0f124eafaabc23e20396b75f63d44 main_color avia-section-default avia-no-border-styling  avia-builder-el-0  el_before_av_section  avia-builder-el-first  avia-bg-style-scroll av-section-color-overlay-active av-minimum-height av-minimum-height-45  container_wrap fullsize'  data-section-bg-repeat='no-repeat' data-av_minimum_height_pc='45'><div class=\"av-section-color-overlay-wrap\"><div class=\"av-section-color-overlay\"><\/div><div class='container av-section-cont-open' ><main  role=\"main\" itemprop=\"mainContentOfPage\"  class='template-page content  av-content-full alpha units'><div class='post-entry post-entry-type-page post-entry-4038'><div class='entry-content-wrapper clearfix'>\n<div class='flex_column av-9ismdi-a3048338f57db437a72045cb1580269b av_one_full  avia-builder-el-1  el_before_av_codeblock  avia-builder-el-first  first flex_column_div '     ><style type=\"text\/css\" data-created_by=\"avia_inline_auto\" id=\"style-css-av-ldvmglzy-7ea5dacb3dec2b6e7471ebeb556e69e7\">\n#top .av-special-heading.av-ldvmglzy-7ea5dacb3dec2b6e7471ebeb556e69e7{\nmargin:0px 0px 0px 0px;\npadding-bottom:10px;\ncolor:#ffffff;\n}\nbody .av-special-heading.av-ldvmglzy-7ea5dacb3dec2b6e7471ebeb556e69e7 .av-special-heading-tag .heading-char{\nfont-size:25px;\n}\n#top #wrap_all .av-special-heading.av-ldvmglzy-7ea5dacb3dec2b6e7471ebeb556e69e7 .av-special-heading-tag{\npadding:0px 0px 0px 0px;\n}\n.av-special-heading.av-ldvmglzy-7ea5dacb3dec2b6e7471ebeb556e69e7 .special-heading-inner-border{\nborder-color:#ffffff;\n}\n.av-special-heading.av-ldvmglzy-7ea5dacb3dec2b6e7471ebeb556e69e7 .av-subheading{\nfont-size:15px;\n}\n<\/style>\n<div  id=\"ortasubbaslik\"  class='av-special-heading av-ldvmglzy-7ea5dacb3dec2b6e7471ebeb556e69e7 av-special-heading-h3 custom-color-heading blockquote modern-quote modern-centered  avia-builder-el-2  avia-builder-el-no-sibling  ortasubbaslik ortasubbaslik'><h3 class='av-special-heading-tag'  itemprop=\"headline\"  >Politique du syst\u00e8me de gestion de la qualit\u00e9<\/h3><div class=\"special-heading-border\"><div class=\"special-heading-inner-border\"><\/div><\/div><\/div><\/div>\n<\/div><\/div><\/main><!-- close content main element --><\/div><\/div><\/div><div id='av_section_2'  class='avia-section av-568ouu-6816dc95f33e317ea0c08504b8af48ea main_color avia-section-default avia-no-border-styling  avia-builder-el-4  el_after_av_section  avia-builder-el-last  avia-bg-style-scroll container_wrap fullsize'  ><div class='container av-section-cont-open' ><div class='template-page content  av-content-full alpha units'><div class='post-entry post-entry-type-page post-entry-4038'><div class='entry-content-wrapper clearfix'>\n\n<style type=\"text\/css\" data-created_by=\"avia_inline_auto\" id=\"style-css-av-ldvmgxpk-4ed5b9103eb869f170b552e7e1fb6f4f\">\n#top .av-special-heading.av-ldvmgxpk-4ed5b9103eb869f170b552e7e1fb6f4f{\nmargin:0px 0px 0px 0px;\npadding-bottom:20px;\ncolor:#282b2d;\nfont-size:38px;\n}\nbody .av-special-heading.av-ldvmgxpk-4ed5b9103eb869f170b552e7e1fb6f4f .av-special-heading-tag .heading-char{\nfont-size:25px;\n}\n#top #wrap_all .av-special-heading.av-ldvmgxpk-4ed5b9103eb869f170b552e7e1fb6f4f .av-special-heading-tag{\nfont-size:38px;\npadding:0px 0px 0px 0px;\n}\n.av-special-heading.av-ldvmgxpk-4ed5b9103eb869f170b552e7e1fb6f4f .special-heading-inner-border{\nborder-color:#282b2d;\n}\n.av-special-heading.av-ldvmgxpk-4ed5b9103eb869f170b552e7e1fb6f4f .av-subheading{\nfont-size:15px;\ncolor:#ff172d;\n}\n\n@media only screen and (min-width: 480px) and (max-width: 767px){ \n#top #wrap_all .av-special-heading.av-ldvmgxpk-4ed5b9103eb869f170b552e7e1fb6f4f .av-special-heading-tag{\nfont-size:0.8em;\n}\n}\n\n@media only screen and (max-width: 479px){ \n#top #wrap_all .av-special-heading.av-ldvmgxpk-4ed5b9103eb869f170b552e7e1fb6f4f .av-special-heading-tag{\nfont-size:0.8em;\n}\n}\n<\/style>\n<div  id=\"baslik\"  class='av-special-heading av-ldvmgxpk-4ed5b9103eb869f170b552e7e1fb6f4f av-special-heading-h3 custom-color-heading blockquote modern-quote modern-centered  avia-builder-el-5  el_before_av_one_full  avia-builder-el-first  baslik baslik av-inherit-size'><div class='av_custom_color av-subheading av-subheading_above'><p>DOM\u0130NYAY Industrie des ressorts et des machines<\/p>\n<\/div><h3 class='av-special-heading-tag'  itemprop=\"headline\"  >Politique du syst\u00e8me de gestion de la qualit\u00e9<br \/>\nISO9001:2015 &#8211; IATF16949:2016<\/h3><div class=\"special-heading-border\"><div class=\"special-heading-inner-border\"><\/div><\/div><\/div>\n<div class='flex_column av-3ichee-8968b4216718c46d242add4272e577fb av_one_full  avia-builder-el-6  el_after_av_heading  avia-builder-el-last  first flex_column_div '     ><p><section  class='av_textblock_section av-ldvmiatq-922eb824245e8188c3a00cc2e168f6ad'  itemscope=\"itemscope\" itemtype=\"https:\/\/schema.org\/CreativeWork\" ><div class='avia_textblock'  itemprop=\"text\" ><p>La direction de Dominyay et tous ses employ\u00e9s ont adopt\u00e9 une approche ax\u00e9e sur le client dans la production de ressorts et de clips et ont adopt\u00e9 les principes de qualit\u00e9, de co\u00fbt, de technologie et d&#8217;am\u00e9lioration continue.<\/p>\n<p>Notre objectif principal est d&#8217;\u00eatre une entreprise fournisseur aux normes internationales, qui adopte les attentes et les demandes de nos clients au plus haut niveau et r\u00e9pond aux exigences l\u00e9gales, avec notre leadership renouvel\u00e9 en mati\u00e8re d&#8217;ing\u00e9nierie, de production et de qualit\u00e9.<\/p>\n<p>Travailler avec nos clients, r\u00e9pondre \u00e0 leurs besoins en mati\u00e8re de qualit\u00e9, de co\u00fbt et d&#8217;exp\u00e9dition, produire des solutions rapides aux probl\u00e8mes avec la participation de nos employ\u00e9s form\u00e9s et anim\u00e9s par l&#8217;esprit d&#8217;\u00e9quipe, et am\u00e9liorer constamment nos produits et processus nous aidera \u00e0 atteindre ces objectifs.<\/p>\n<\/div><\/section><br \/>\n\n<style type=\"text\/css\" data-created_by=\"avia_inline_auto\" id=\"style-css-av-2qyz06-f4682e3a8c5ebfdfd8cd4d2de7185ce2\">\n#top .av-special-heading.av-2qyz06-f4682e3a8c5ebfdfd8cd4d2de7185ce2{\nmargin:0px 0px 0px 0px;\npadding-bottom:10px;\n}\nbody .av-special-heading.av-2qyz06-f4682e3a8c5ebfdfd8cd4d2de7185ce2 .av-special-heading-tag .heading-char{\nfont-size:25px;\n}\n#top #wrap_all .av-special-heading.av-2qyz06-f4682e3a8c5ebfdfd8cd4d2de7185ce2 .av-special-heading-tag{\npadding:0px 0px 0px 0px;\n}\n.av-special-heading.av-2qyz06-f4682e3a8c5ebfdfd8cd4d2de7185ce2 .av-subheading{\nfont-size:15px;\n}\n<\/style>\n<div  class='av-special-heading av-2qyz06-f4682e3a8c5ebfdfd8cd4d2de7185ce2 av-special-heading-h3 blockquote modern-quote  avia-builder-el-8  el_after_av_textblock  avia-builder-el-last '><h3 class='av-special-heading-tag'  itemprop=\"headline\"  > B\u00dcKRE KAV\u00c7\u0130N <\/h3><div class='av-subheading av-subheading_below'><p>CEO<\/p>\n<\/div><div class=\"special-heading-border\"><div class=\"special-heading-inner-border\"><\/div><\/div><\/div><\/p><\/div><\/p>\n","protected":false},"excerpt":{"rendered":"","protected":false},"author":1,"featured_media":0,"parent":0,"menu_order":0,"comment_status":"closed","ping_status":"closed","template":"","meta":{"footnotes":""},"class_list":["post-4038","page","type-page","status-publish","hentry"],"_links":{"self":[{"href":"https:\/\/dominyay.com.tr\/fr\/wp-json\/wp\/v2\/pages\/4038","targetHints":{"allow":["GET"]}}],"collection":[{"href":"https:\/\/dominyay.com.tr\/fr\/wp-json\/wp\/v2\/pages"}],"about":[{"href":"https:\/\/dominyay.com.tr\/fr\/wp-json\/wp\/v2\/types\/page"}],"author":[{"embeddable":true,"href":"https:\/\/dominyay.com.tr\/fr\/wp-json\/wp\/v2\/users\/1"}],"replies":[{"embeddable":true,"href":"https:\/\/dominyay.com.tr\/fr\/wp-json\/wp\/v2\/comments?post=4038"}],"version-history":[{"count":4,"href":"https:\/\/dominyay.com.tr\/fr\/wp-json\/wp\/v2\/pages\/4038\/revisions"}],"predecessor-version":[{"id":4041,"href":"https:\/\/dominyay.com.tr\/fr\/wp-json\/wp\/v2\/pages\/4038\/revisions\/4041"}],"wp:attachment":[{"href":"https:\/\/dominyay.com.tr\/fr\/wp-json\/wp\/v2\/media?parent=4038"}],"curies":[{"name":"wp","href":"https:\/\/api.w.org\/{rel}","templated":true}]}}