{"id":4031,"date":"2023-02-08T14:50:09","date_gmt":"2023-02-08T11:50:09","guid":{"rendered":"https:\/\/dominyay.com.tr\/fr\/?page_id=4031"},"modified":"2023-05-04T13:49:53","modified_gmt":"2023-05-04T10:49:53","slug":"cevre-yonetim-sistem-politikasi","status":"publish","type":"page","link":"https:\/\/dominyay.com.tr\/fr\/cevre-yonetim-sistem-politikasi\/","title":{"rendered":"Politique du syst\u00e8me de gestion environnementale"},"content":{"rendered":"\n<style type=\"text\/css\" data-created_by=\"avia_inline_auto\" id=\"style-css-av-8nlajz-0b20c1c8ffbab917a21d86586f3ee459\">\n.avia-section.av-8nlajz-0b20c1c8ffbab917a21d86586f3ee459{\nbackground-repeat:no-repeat;\nbackground-image:url(https:\/\/dominyay.com.tr\/fr\/wp-content\/uploads\/2022\/11\/keader2.jpg);\nbackground-position:0% 0%;\nbackground-attachment:scroll;\n}\n.avia-section.av-8nlajz-0b20c1c8ffbab917a21d86586f3ee459 .av-section-color-overlay{\nopacity:0.5;\nbackground-color:#020202;\n}\n<\/style>\n<div id='av_section_1'  class='avia-section av-8nlajz-0b20c1c8ffbab917a21d86586f3ee459 main_color avia-section-default avia-no-border-styling  avia-builder-el-0  el_before_av_section  avia-builder-el-first  avia-bg-style-scroll av-section-color-overlay-active av-minimum-height av-minimum-height-45  container_wrap fullsize'  data-section-bg-repeat='no-repeat' data-av_minimum_height_pc='45'><div class=\"av-section-color-overlay-wrap\"><div class=\"av-section-color-overlay\"><\/div><div class='container av-section-cont-open' ><main  role=\"main\" itemprop=\"mainContentOfPage\"  class='template-page content  av-content-full alpha units'><div class='post-entry post-entry-type-page post-entry-4031'><div class='entry-content-wrapper clearfix'>\n<div class='flex_column av-80rj7z-07c8b3d3bc93f1abf6a9bb35bbf44c71 av_one_full  avia-builder-el-1  el_before_av_codeblock  avia-builder-el-first  first flex_column_div '     ><style type=\"text\/css\" data-created_by=\"avia_inline_auto\" id=\"style-css-av-ldvlvt91-2c14679e8698cb7c8dcdf2a988042269\">\n#top .av-special-heading.av-ldvlvt91-2c14679e8698cb7c8dcdf2a988042269{\nmargin:0px 0px 0px 0px;\npadding-bottom:10px;\ncolor:#ffffff;\n}\nbody .av-special-heading.av-ldvlvt91-2c14679e8698cb7c8dcdf2a988042269 .av-special-heading-tag .heading-char{\nfont-size:25px;\n}\n#top #wrap_all .av-special-heading.av-ldvlvt91-2c14679e8698cb7c8dcdf2a988042269 .av-special-heading-tag{\npadding:0px 0px 0px 0px;\n}\n.av-special-heading.av-ldvlvt91-2c14679e8698cb7c8dcdf2a988042269 .special-heading-inner-border{\nborder-color:#ffffff;\n}\n.av-special-heading.av-ldvlvt91-2c14679e8698cb7c8dcdf2a988042269 .av-subheading{\nfont-size:15px;\n}\n<\/style>\n<div  id=\"ortasubbaslik\"  class='av-special-heading av-ldvlvt91-2c14679e8698cb7c8dcdf2a988042269 av-special-heading-h3 custom-color-heading blockquote modern-quote modern-centered  avia-builder-el-2  avia-builder-el-no-sibling  ortasubbaslik ortasubbaslik'><h3 class='av-special-heading-tag'  itemprop=\"headline\"  >Politique du syst\u00e8me de gestion environnementale<\/h3><div class=\"special-heading-border\"><div class=\"special-heading-inner-border\"><\/div><\/div><\/div><\/div>\n<\/div><\/div><\/main><!-- close content main element --><\/div><\/div><\/div><div id='av_section_2'  class='avia-section av-4lwqjj-9dabe1ab108686966c8014bfb1f0f7db main_color avia-section-default avia-no-border-styling  avia-builder-el-4  el_after_av_section  avia-builder-el-last  avia-bg-style-scroll container_wrap fullsize'  ><div class='container av-section-cont-open' ><div class='template-page content  av-content-full alpha units'><div class='post-entry post-entry-type-page post-entry-4031'><div class='entry-content-wrapper clearfix'>\n\n<style type=\"text\/css\" data-created_by=\"avia_inline_auto\" id=\"style-css-av-ldvlw3il-10b58e108ed7c854b50b63e69114d576\">\n#top .av-special-heading.av-ldvlw3il-10b58e108ed7c854b50b63e69114d576{\nmargin:0px 0px 0px 0px;\npadding-bottom:20px;\ncolor:#282b2d;\nfont-size:38px;\n}\nbody .av-special-heading.av-ldvlw3il-10b58e108ed7c854b50b63e69114d576 .av-special-heading-tag .heading-char{\nfont-size:25px;\n}\n#top #wrap_all .av-special-heading.av-ldvlw3il-10b58e108ed7c854b50b63e69114d576 .av-special-heading-tag{\nfont-size:38px;\npadding:0px 0px 0px 0px;\n}\n.av-special-heading.av-ldvlw3il-10b58e108ed7c854b50b63e69114d576 .special-heading-inner-border{\nborder-color:#282b2d;\n}\n.av-special-heading.av-ldvlw3il-10b58e108ed7c854b50b63e69114d576 .av-subheading{\nfont-size:15px;\ncolor:#ff172d;\n}\n\n@media only screen and (min-width: 480px) and (max-width: 767px){ \n#top #wrap_all .av-special-heading.av-ldvlw3il-10b58e108ed7c854b50b63e69114d576 .av-special-heading-tag{\nfont-size:0.8em;\n}\n}\n\n@media only screen and (max-width: 479px){ \n#top #wrap_all .av-special-heading.av-ldvlw3il-10b58e108ed7c854b50b63e69114d576 .av-special-heading-tag{\nfont-size:0.8em;\n}\n}\n<\/style>\n<div  id=\"baslik\"  class='av-special-heading av-ldvlw3il-10b58e108ed7c854b50b63e69114d576 av-special-heading-h3 custom-color-heading blockquote modern-quote modern-centered  avia-builder-el-5  el_before_av_one_full  avia-builder-el-first  baslik baslik av-inherit-size'><div class='av_custom_color av-subheading av-subheading_above'><p>DOM\u0130NYAY Industrie des ressorts et des machines<\/p>\n<\/div><h3 class='av-special-heading-tag'  itemprop=\"headline\"  >Politique du syst\u00e8me de gestion environnementale ISO 14001:2015<\/h3><div class=\"special-heading-border\"><div class=\"special-heading-inner-border\"><\/div><\/div><\/div>\n<div class='flex_column av-2zrz1b-60d779f038db06ddfca7f55ff3e2c578 av_one_full  avia-builder-el-6  el_after_av_heading  avia-builder-el-last  first flex_column_div '     ><p><section  class='av_textblock_section av-ldvmjdlw-c60fc9e87901245eaae41d9e87da3c43'  itemscope=\"itemscope\" itemtype=\"https:\/\/schema.org\/CreativeWork\" ><div class='avia_textblock'  itemprop=\"text\" ><p>Lors de la r\u00e9alisation de nos activit\u00e9s dans le cadre des processus de compression, de traction, de ressort de torsion, de production de clips, de formage de fil et d&#8217;assemblage\u00a0;<\/p>\n<\/div><\/section><br \/>\n\n<style type=\"text\/css\" data-created_by=\"avia_inline_auto\" id=\"style-css-av-ldvm7fu1-79ab031b8b5c66e21449d32109849ed3\">\n#top .avia-icon-list-container.av-ldvm7fu1-79ab031b8b5c66e21449d32109849ed3 .iconlist_icon{\ncolor:#ff172e;\n}\n<\/style>\n<div  class='avia-icon-list-container av-ldvm7fu1-79ab031b8b5c66e21449d32109849ed3  avia-builder-el-8  el_after_av_textblock  el_before_av_heading '><ul class='avia-icon-list avia_animate_when_almost_visible avia-icon-list-left av-iconlist-small av-ldvm7fu1-79ab031b8b5c66e21449d32109849ed3 avia-iconlist-animate'>\n<li><div class='iconlist_icon av-ldvm6cxu-95e5e5b42f5c17523632e39dd8e207b9 avia-font-tick_'><span class='iconlist-char' aria-hidden='true' data-av_icon='\uf105' data-av_iconfont='tick_'><\/span><\/div><article class=\"article-icon-entry av-iconlist-empty\"  itemscope=\"itemscope\" itemtype=\"https:\/\/schema.org\/CreativeWork\" ><div class=\"iconlist_content_wrap\"><header class=\"entry-content-header\"><div class='av_iconlist_title iconlist_title_small  '  itemprop=\"headline\" >En tant qu\u2018entreprise, nous ne nuirons pas \u00e0 l\u2019\u00e9quilibre \u00e9cologique avec toutes nos activit\u00e9s,<\/div><\/header><div class='iconlist_content '  itemprop=\"text\" ><\/div><\/div><footer class=\"entry-footer\"><\/footer><\/article><div class=\"iconlist-timeline\"><\/div><\/li>\n<li><div class='iconlist_icon av-ldvm6cxu-13-96bff6b61971ed887aa617a0bd127173 avia-font-tick_'><span class='iconlist-char' aria-hidden='true' data-av_icon='\uf105' data-av_iconfont='tick_'><\/span><\/div><article class=\"article-icon-entry av-iconlist-empty\"  itemscope=\"itemscope\" itemtype=\"https:\/\/schema.org\/CreativeWork\" ><div class=\"iconlist_content_wrap\"><header class=\"entry-content-header\"><div class='av_iconlist_title iconlist_title_small  '  itemprop=\"headline\" >Nous pr\u00e9viendrons la pollution de l\u2019environnement qui pourrait survenir lors de nos activit\u00e9s,<\/div><\/header><div class='iconlist_content '  itemprop=\"text\" ><\/div><\/div><footer class=\"entry-footer\"><\/footer><\/article><div class=\"iconlist-timeline\"><\/div><\/li>\n<li><div class='iconlist_icon av-ldvm6cxu-12-87228a4f783737cb37265da9a0e4ffa2 avia-font-tick_'><span class='iconlist-char' aria-hidden='true' data-av_icon='\uf105' data-av_iconfont='tick_'><\/span><\/div><article class=\"article-icon-entry av-iconlist-empty\"  itemscope=\"itemscope\" itemtype=\"https:\/\/schema.org\/CreativeWork\" ><div class=\"iconlist_content_wrap\"><header class=\"entry-content-header\"><div class='av_iconlist_title iconlist_title_small  '  itemprop=\"headline\" >Nous veillerons \u00e0 ce que nos d\u00e9chets soient minimis\u00e9s \u00e0 leur source, r\u00e9utilis\u00e9s et recycl\u00e9s dans la mesure du possible, et les d\u00e9chets qui ne peuvent pas \u00eatre utilis\u00e9s soient \u00e9limin\u00e9s avec des m\u00e9thodes appropri\u00e9es,<\/div><\/header><div class='iconlist_content '  itemprop=\"text\" ><\/div><\/div><footer class=\"entry-footer\"><\/footer><\/article><div class=\"iconlist-timeline\"><\/div><\/li>\n<li><div class='iconlist_icon av-ldvm6cxu-11-a9f5e429f0f1cb13ac9b19ff317e3a78 avia-font-tick_'><span class='iconlist-char' aria-hidden='true' data-av_icon='\uf105' data-av_iconfont='tick_'><\/span><\/div><article class=\"article-icon-entry av-iconlist-empty\"  itemscope=\"itemscope\" itemtype=\"https:\/\/schema.org\/CreativeWork\" ><div class=\"iconlist_content_wrap\"><header class=\"entry-content-header\"><div class='av_iconlist_title iconlist_title_small  '  itemprop=\"headline\" >Nous veillerons \u00e0 l\u2019utilisation efficace de notre \u00e9nergie, de nos mati\u00e8res premi\u00e8res et de nos ressources naturelles,<\/div><\/header><div class='iconlist_content '  itemprop=\"text\" ><\/div><\/div><footer class=\"entry-footer\"><\/footer><\/article><div class=\"iconlist-timeline\"><\/div><\/li>\n<li><div class='iconlist_icon av-ldvm6cxu-10-bd51ffe58867ff992bfdbc9445ee2515 avia-font-tick_'><span class='iconlist-char' aria-hidden='true' data-av_icon='\uf105' data-av_iconfont='tick_'><\/span><\/div><article class=\"article-icon-entry av-iconlist-empty\"  itemscope=\"itemscope\" itemtype=\"https:\/\/schema.org\/CreativeWork\" ><div class=\"iconlist_content_wrap\"><header class=\"entry-content-header\"><div class='av_iconlist_title iconlist_title_small  '  itemprop=\"headline\" >Nous surveillerons attentivement les risques environnementaux et ferons les efforts n\u00e9cessaires pour les minimiser,<\/div><\/header><div class='iconlist_content '  itemprop=\"text\" ><\/div><\/div><footer class=\"entry-footer\"><\/footer><\/article><div class=\"iconlist-timeline\"><\/div><\/li>\n<li><div class='iconlist_icon av-ldvm6cxu-9-3e6fd02b90f0f9371a97da135fabf640 avia-font-tick_'><span class='iconlist-char' aria-hidden='true' data-av_icon='\uf105' data-av_iconfont='tick_'><\/span><\/div><article class=\"article-icon-entry av-iconlist-empty\"  itemscope=\"itemscope\" itemtype=\"https:\/\/schema.org\/CreativeWork\" ><div class=\"iconlist_content_wrap\"><header class=\"entry-content-header\"><div class='av_iconlist_title iconlist_title_small  '  itemprop=\"headline\" >Nous respecterons les r\u00e8gles environnementales d\u00e9clar\u00e9es par les entreprises dont nous sommes sous-traitants ou clients,<\/div><\/header><div class='iconlist_content '  itemprop=\"text\" ><\/div><\/div><footer class=\"entry-footer\"><\/footer><\/article><div class=\"iconlist-timeline\"><\/div><\/li>\n<li><div class='iconlist_icon av-ldvm6cxu-8-afa419dde66f4f99df4c2c3e454d8f4b avia-font-tick_'><span class='iconlist-char' aria-hidden='true' data-av_icon='\uf105' data-av_iconfont='tick_'><\/span><\/div><article class=\"article-icon-entry av-iconlist-empty\"  itemscope=\"itemscope\" itemtype=\"https:\/\/schema.org\/CreativeWork\" ><div class=\"iconlist_content_wrap\"><header class=\"entry-content-header\"><div class='av_iconlist_title iconlist_title_small  '  itemprop=\"headline\" >Le fait que les entreprises qui sont nos fournisseurs aient \u00e9tabli un certificat de syst\u00e8me de gestion environnementale ou une politique environnementale et aient commenc\u00e9 la mise en \u0153uvre. Nous exigerons l\u2019adoption de la pratique \"S\u00e9curit\u00e9 au travail\", pour travailler conform\u00e9ment aux lois applicables,<\/div><\/header><div class='iconlist_content '  itemprop=\"text\" ><\/div><\/div><footer class=\"entry-footer\"><\/footer><\/article><div class=\"iconlist-timeline\"><\/div><\/li>\n<li><div class='iconlist_icon av-ldvm6cxu-7-64e7d76af8ccc1fa7068807d49986918 avia-font-tick_'><span class='iconlist-char' aria-hidden='true' data-av_icon='\uf105' data-av_iconfont='tick_'><\/span><\/div><article class=\"article-icon-entry av-iconlist-empty\"  itemscope=\"itemscope\" itemtype=\"https:\/\/schema.org\/CreativeWork\" ><div class=\"iconlist_content_wrap\"><header class=\"entry-content-header\"><div class='av_iconlist_title iconlist_title_small  '  itemprop=\"headline\" >Le fait que les entreprises qui sont nos fournisseurs aient \u00e9tabli un certificat de syst\u00e8me de gestion environnementale ou une politique environnementale et aient commenc\u00e9 la mise en \u0153uvre. Nous exigerons l\u2019adoption de la pratique \"S\u00e9curit\u00e9 au travail\", pour travailler conform\u00e9ment aux lois applicables,<\/div><\/header><div class='iconlist_content '  itemprop=\"text\" ><\/div><\/div><footer class=\"entry-footer\"><\/footer><\/article><div class=\"iconlist-timeline\"><\/div><\/li>\n<li><div class='iconlist_icon av-ldvm6cxu-6-b38cdd7560956a613248663256d02195 avia-font-tick_'><span class='iconlist-char' aria-hidden='true' data-av_icon='\uf105' data-av_iconfont='tick_'><\/span><\/div><article class=\"article-icon-entry av-iconlist-empty\"  itemscope=\"itemscope\" itemtype=\"https:\/\/schema.org\/CreativeWork\" ><div class=\"iconlist_content_wrap\"><header class=\"entry-content-header\"><div class='av_iconlist_title iconlist_title_small  '  itemprop=\"headline\" >Nous fournirons toutes sortes de protections n\u00e9cessaires pour pr\u00e9venir les effets n\u00e9gatifs sur la sant\u00e9 de nos employ\u00e9s et des personnes qui seront affect\u00e9es par nos activit\u00e9s, et pour contr\u00f4ler les accidents, les dommages et les dangers qui pourraient survenir \u00e0 nos propres biens et \u00e0 ceux d\u2019autrui au moment m\u00eame d\u00e9but,<\/div><\/header><div class='iconlist_content '  itemprop=\"text\" ><\/div><\/div><footer class=\"entry-footer\"><\/footer><\/article><div class=\"iconlist-timeline\"><\/div><\/li>\n<li><div class='iconlist_icon av-ldvm6cxu-5-0ff05ef7b8af64693fc3e69bbd6f793b avia-font-tick_'><span class='iconlist-char' aria-hidden='true' data-av_icon='\uf105' data-av_iconfont='tick_'><\/span><\/div><article class=\"article-icon-entry av-iconlist-empty\"  itemscope=\"itemscope\" itemtype=\"https:\/\/schema.org\/CreativeWork\" ><div class=\"iconlist_content_wrap\"><header class=\"entry-content-header\"><div class='av_iconlist_title iconlist_title_small  '  itemprop=\"headline\" >En am\u00e9liorant la sensibilisation \u00e0 l\u2019environnement, nous transformerons la compr\u00e9hension du syst\u00e8me de gestion environnementale en une philosophie de vie,<\/div><\/header><div class='iconlist_content '  itemprop=\"text\" ><\/div><\/div><footer class=\"entry-footer\"><\/footer><\/article><div class=\"iconlist-timeline\"><\/div><\/li>\n<li><div class='iconlist_icon av-ldvm6cxu-4-13a91d8b6fefa8fb93766f51335dfdc0 avia-font-tick_'><span class='iconlist-char' aria-hidden='true' data-av_icon='\uf105' data-av_iconfont='tick_'><\/span><\/div><article class=\"article-icon-entry av-iconlist-empty\"  itemscope=\"itemscope\" itemtype=\"https:\/\/schema.org\/CreativeWork\" ><div class=\"iconlist_content_wrap\"><header class=\"entry-content-header\"><div class='av_iconlist_title iconlist_title_small  '  itemprop=\"headline\" >Nous travaillerons \u00e0 am\u00e9liorer la prise de conscience environnementale des parties concern\u00e9es,<\/div><\/header><div class='iconlist_content '  itemprop=\"text\" ><\/div><\/div><footer class=\"entry-footer\"><\/footer><\/article><div class=\"iconlist-timeline\"><\/div><\/li>\n<li><div class='iconlist_icon av-ldvm6cxu-3-ff242968db8228ff402b90d651b036c4 avia-font-tick_'><span class='iconlist-char' aria-hidden='true' data-av_icon='\uf105' data-av_iconfont='tick_'><\/span><\/div><article class=\"article-icon-entry av-iconlist-empty\"  itemscope=\"itemscope\" itemtype=\"https:\/\/schema.org\/CreativeWork\" ><div class=\"iconlist_content_wrap\"><header class=\"entry-content-header\"><div class='av_iconlist_title iconlist_title_small  '  itemprop=\"headline\" >Nous respecterons nos obligations l\u00e9gales, la l\u00e9gislation environnementale en vigueur et les conditions des organisations dont nous sommes membres, et les termes des parties que nous d\u00e9finissons dans le cadre de notre organisation,<\/div><\/header><div class='iconlist_content '  itemprop=\"text\" ><\/div><\/div><footer class=\"entry-footer\"><\/footer><\/article><div class=\"iconlist-timeline\"><\/div><\/li>\n<li><div class='iconlist_icon av-ldvm6cxu-2-e7e3fdb98ea9a40fd0476ae9a7eb1895 avia-font-tick_'><span class='iconlist-char' aria-hidden='true' data-av_icon='\uf105' data-av_iconfont='tick_'><\/span><\/div><article class=\"article-icon-entry av-iconlist-empty\"  itemscope=\"itemscope\" itemtype=\"https:\/\/schema.org\/CreativeWork\" ><div class=\"iconlist_content_wrap\"><header class=\"entry-content-header\"><div class='av_iconlist_title iconlist_title_small  '  itemprop=\"headline\" >Nous d\u00e9velopperons et am\u00e9liorerons en permanence notre syst\u00e8me de gestion environnementale,<\/div><\/header><div class='iconlist_content '  itemprop=\"text\" ><\/div><\/div><footer class=\"entry-footer\"><\/footer><\/article><div class=\"iconlist-timeline\"><\/div><\/li>\n<li><div class='iconlist_icon av-ldvm6cxu-1-13e7daadcd8256bf6e3f47e34f11bf03 avia-font-tick_'><span class='iconlist-char' aria-hidden='true' data-av_icon='\uf105' data-av_iconfont='tick_'><\/span><\/div><article class=\"article-icon-entry av-iconlist-empty\"  itemscope=\"itemscope\" itemtype=\"https:\/\/schema.org\/CreativeWork\" ><div class=\"iconlist_content_wrap\"><header class=\"entry-content-header\"><div class='av_iconlist_title iconlist_title_small  '  itemprop=\"headline\" >En suivant les innovations technologiques dans le secteur des ressorts simultan\u00e9ment avec le monde, nous nous engageons \u00e0 r\u00e9pondre aux besoins et aux attentes de nos clients conform\u00e9ment aux exigences du syst\u00e8me de gestion de l\u2019environnement, avec notre \u00e9quipe de direction et un personnel moderne form\u00e9.<\/div><\/header><div class='iconlist_content '  itemprop=\"text\" ><\/div><\/div><footer class=\"entry-footer\"><\/footer><\/article><div class=\"iconlist-timeline\"><\/div><\/li>\n<\/ul><\/div><br \/>\n\n<style type=\"text\/css\" data-created_by=\"avia_inline_auto\" id=\"style-css-av-ldvm0sic-616100dc3e7a2d9a736158f3931c3288\">\n#top .av-special-heading.av-ldvm0sic-616100dc3e7a2d9a736158f3931c3288{\nmargin:0px 0px 0px 0px;\npadding-bottom:10px;\n}\nbody .av-special-heading.av-ldvm0sic-616100dc3e7a2d9a736158f3931c3288 .av-special-heading-tag .heading-char{\nfont-size:25px;\n}\n#top #wrap_all .av-special-heading.av-ldvm0sic-616100dc3e7a2d9a736158f3931c3288 .av-special-heading-tag{\npadding:0px 0px 0px 0px;\n}\n.av-special-heading.av-ldvm0sic-616100dc3e7a2d9a736158f3931c3288 .av-subheading{\nfont-size:15px;\n}\n<\/style>\n<div  class='av-special-heading av-ldvm0sic-616100dc3e7a2d9a736158f3931c3288 av-special-heading-h3 blockquote modern-quote  avia-builder-el-9  el_after_av_iconlist  avia-builder-el-last '><h3 class='av-special-heading-tag'  itemprop=\"headline\"  > B\u00dcKRE KAV\u00c7\u0130N <\/h3><div class='av-subheading av-subheading_below'><p>CEO<\/p>\n<\/div><div class=\"special-heading-border\"><div class=\"special-heading-inner-border\"><\/div><\/div><\/div><\/p><\/div><\/p>\n","protected":false},"excerpt":{"rendered":"","protected":false},"author":1,"featured_media":0,"parent":0,"menu_order":0,"comment_status":"closed","ping_status":"closed","template":"","meta":{"footnotes":""},"class_list":["post-4031","page","type-page","status-publish","hentry"],"_links":{"self":[{"href":"https:\/\/dominyay.com.tr\/fr\/wp-json\/wp\/v2\/pages\/4031","targetHints":{"allow":["GET"]}}],"collection":[{"href":"https:\/\/dominyay.com.tr\/fr\/wp-json\/wp\/v2\/pages"}],"about":[{"href":"https:\/\/dominyay.com.tr\/fr\/wp-json\/wp\/v2\/types\/page"}],"author":[{"embeddable":true,"href":"https:\/\/dominyay.com.tr\/fr\/wp-json\/wp\/v2\/users\/1"}],"replies":[{"embeddable":true,"href":"https:\/\/dominyay.com.tr\/fr\/wp-json\/wp\/v2\/comments?post=4031"}],"version-history":[{"count":8,"href":"https:\/\/dominyay.com.tr\/fr\/wp-json\/wp\/v2\/pages\/4031\/revisions"}],"predecessor-version":[{"id":4145,"href":"https:\/\/dominyay.com.tr\/fr\/wp-json\/wp\/v2\/pages\/4031\/revisions\/4145"}],"wp:attachment":[{"href":"https:\/\/dominyay.com.tr\/fr\/wp-json\/wp\/v2\/media?parent=4031"}],"curies":[{"name":"wp","href":"https:\/\/api.w.org\/{rel}","templated":true}]}}