{"id":3838,"date":"2023-01-19T17:35:00","date_gmt":"2023-01-19T14:35:00","guid":{"rendered":"https:\/\/dominyay.com.tr\/fr\/?page_id=3838"},"modified":"2023-05-04T11:22:46","modified_gmt":"2023-05-04T08:22:46","slug":"erp-yazilim-software","status":"publish","type":"page","link":"https:\/\/dominyay.com.tr\/fr\/erp-yazilim-software\/","title":{"rendered":"ERP Logiciel \/ Software"},"content":{"rendered":"\n<style type=\"text\/css\" data-created_by=\"avia_inline_auto\" id=\"style-css-av-eousha-459e364c13d695f9c6a28a052db2a8bd\">\n.avia-section.av-eousha-459e364c13d695f9c6a28a052db2a8bd{\nbackground-repeat:no-repeat;\nbackground-image:url(https:\/\/dominyay.com.tr\/fr\/wp-content\/uploads\/2023\/01\/altzmein1.jpg);\nbackground-position:0% 50%;\nbackground-attachment:scroll;\n}\n.avia-section.av-eousha-459e364c13d695f9c6a28a052db2a8bd .av-section-color-overlay{\nopacity:0.5;\nbackground-color:#020202;\n}\n<\/style>\n<div id='av_section_1'  class='avia-section av-eousha-459e364c13d695f9c6a28a052db2a8bd main_color avia-section-default avia-no-border-styling  avia-builder-el-0  el_before_av_section  avia-builder-el-first  avia-full-stretch avia-bg-style-scroll av-section-color-overlay-active av-minimum-height av-minimum-height-50  container_wrap fullsize'  data-section-bg-repeat='stretch' data-av_minimum_height_pc='50'><div class=\"av-section-color-overlay-wrap\"><div class=\"av-section-color-overlay\"><\/div><div class='container av-section-cont-open' ><main  role=\"main\" itemprop=\"mainContentOfPage\"  class='template-page content  av-content-full alpha units'><div class='post-entry post-entry-type-page post-entry-3838'><div class='entry-content-wrapper clearfix'>\n<div class='flex_column av-cs72zy-cb7aeecc975ec2588c778f5359094245 av_one_full  avia-builder-el-1  el_before_av_codeblock  avia-builder-el-first  first flex_column_div '     ><style type=\"text\/css\" data-created_by=\"avia_inline_auto\" id=\"style-css-av-ld372efm-54d1f52171dddfdbb0702fc6dd176cf2\">\n#top .av-special-heading.av-ld372efm-54d1f52171dddfdbb0702fc6dd176cf2{\nmargin:0px 0px 0px 0px;\npadding-bottom:10px;\ncolor:#ffffff;\n}\nbody .av-special-heading.av-ld372efm-54d1f52171dddfdbb0702fc6dd176cf2 .av-special-heading-tag .heading-char{\nfont-size:25px;\n}\n#top #wrap_all .av-special-heading.av-ld372efm-54d1f52171dddfdbb0702fc6dd176cf2 .av-special-heading-tag{\npadding:0px 0px 0px 0px;\n}\n.av-special-heading.av-ld372efm-54d1f52171dddfdbb0702fc6dd176cf2 .special-heading-inner-border{\nborder-color:#ffffff;\n}\n.av-special-heading.av-ld372efm-54d1f52171dddfdbb0702fc6dd176cf2 .av-subheading{\nfont-size:15px;\n}\n<\/style>\n<div  id=\"ortasubbaslik\"  class='av-special-heading av-ld372efm-54d1f52171dddfdbb0702fc6dd176cf2 av-special-heading-h3 custom-color-heading blockquote modern-quote modern-centered  avia-builder-el-2  avia-builder-el-no-sibling  ortasubbaslik ortasubbaslik'><h3 class='av-special-heading-tag'  itemprop=\"headline\"  >ERP Logiciel \/ Software<\/h3><div class=\"special-heading-border\"><div class=\"special-heading-inner-border\"><\/div><\/div><\/div><\/div>\n<\/div><\/div><\/main><!-- close content main element --><\/div><\/div><\/div><div id='av_section_2'  class='avia-section av-98i8vy-28b0f9c947ab5ca22fefeaee8494793c main_color avia-section-default avia-no-border-styling  avia-builder-el-4  el_after_av_section  avia-builder-el-last  avia-bg-style-scroll container_wrap fullsize'  ><div class='container av-section-cont-open' ><div class='template-page content  av-content-full alpha units'><div class='post-entry post-entry-type-page post-entry-3838'><div class='entry-content-wrapper clearfix'>\n\n<style type=\"text\/css\" data-created_by=\"avia_inline_auto\" id=\"style-css-av-ld372oug-aefb1457949ff8b087aaad19c0ba1531\">\n#top .av-special-heading.av-ld372oug-aefb1457949ff8b087aaad19c0ba1531{\nmargin:0px 0px 0px 0px;\npadding-bottom:20px;\ncolor:#282b2d;\nfont-size:38px;\n}\nbody .av-special-heading.av-ld372oug-aefb1457949ff8b087aaad19c0ba1531 .av-special-heading-tag .heading-char{\nfont-size:25px;\n}\n#top #wrap_all .av-special-heading.av-ld372oug-aefb1457949ff8b087aaad19c0ba1531 .av-special-heading-tag{\nfont-size:38px;\npadding:0px 0px 0px 0px;\n}\n.av-special-heading.av-ld372oug-aefb1457949ff8b087aaad19c0ba1531 .special-heading-inner-border{\nborder-color:#282b2d;\n}\n.av-special-heading.av-ld372oug-aefb1457949ff8b087aaad19c0ba1531 .av-subheading{\nfont-size:15px;\ncolor:#ff172d;\n}\n\n@media only screen and (min-width: 480px) and (max-width: 767px){ \n#top #wrap_all .av-special-heading.av-ld372oug-aefb1457949ff8b087aaad19c0ba1531 .av-special-heading-tag{\nfont-size:0.8em;\n}\n}\n\n@media only screen and (max-width: 479px){ \n#top #wrap_all .av-special-heading.av-ld372oug-aefb1457949ff8b087aaad19c0ba1531 .av-special-heading-tag{\nfont-size:0.8em;\n}\n}\n<\/style>\n<div  id=\"baslik\"  class='av-special-heading av-ld372oug-aefb1457949ff8b087aaad19c0ba1531 av-special-heading-h3 custom-color-heading blockquote modern-quote modern-centered  avia-builder-el-5  el_before_av_image  avia-builder-el-first  baslik baslik av-inherit-size'><div class='av_custom_color av-subheading av-subheading_above'><p>DOM\u0130NYAY Industrie des ressorts et des machines<\/p>\n<\/div><h3 class='av-special-heading-tag'  itemprop=\"headline\"  >GESTION DES PROCESSUS DE PRODUCTION ASSIST\u00c9E PAR LOGICIEL<\/h3><div class=\"special-heading-border\"><div class=\"special-heading-inner-border\"><\/div><\/div><\/div>\n\n<style type=\"text\/css\" data-created_by=\"avia_inline_auto\" id=\"style-css-av-ld379n52-c263b23b46eb06ae596537b79635c473\">\n.avia-image-container.av-ld379n52-c263b23b46eb06ae596537b79635c473 img.avia_image{\nbox-shadow:none;\n}\n.avia-image-container.av-ld379n52-c263b23b46eb06ae596537b79635c473 .av-image-caption-overlay-center{\ncolor:#ffffff;\n}\n<\/style>\n<div  class='avia-image-container av-ld379n52-c263b23b46eb06ae596537b79635c473 av-styling- avia-align-center  avia-builder-el-6  el_after_av_heading  el_before_av_one_half '   itemprop=\"image\" itemscope=\"itemscope\" itemtype=\"https:\/\/schema.org\/ImageObject\" ><div class=\"avia-image-container-inner\"><div class=\"avia-image-overlay-wrap\"><img decoding=\"async\" class='wp-image-3987 avia-img-lazy-loading-not-3987 avia_image ' src=\"https:\/\/dominyay.com.tr\/fr\/wp-content\/uploads\/2023\/01\/logolar.jpg\" alt='' title='logolar'  height=\"120\" width=\"409\"  itemprop=\"thumbnailUrl\" srcset=\"https:\/\/dominyay.com.tr\/fr\/wp-content\/uploads\/2023\/01\/logolar.jpg 409w, https:\/\/dominyay.com.tr\/fr\/wp-content\/uploads\/2023\/01\/logolar-300x88.jpg 300w\" sizes=\"(max-width: 409px) 100vw, 409px\" \/><\/div><\/div><\/div>\n<div class='flex_column_table av-77w08e-f6aaf6d049f43e5d966f56ce488429da sc-av_one_half av-equal-height-column-flextable'>\n<style type=\"text\/css\" data-created_by=\"avia_inline_auto\" id=\"style-css-av-77w08e-f6aaf6d049f43e5d966f56ce488429da\">\n.flex_column.av-77w08e-f6aaf6d049f43e5d966f56ce488429da{\nwidth:48.5%;\nmargin-left:0;\n}\n#top .flex_column_table.av-equal-height-column-flextable.av-77w08e-f6aaf6d049f43e5d966f56ce488429da .av-flex-placeholder{\nwidth:3%;\n}\n<\/style>\n<div class='flex_column av-77w08e-f6aaf6d049f43e5d966f56ce488429da av_one_half  avia-builder-el-7  el_after_av_image  el_before_av_one_half  about-style-one about-style-one first flex_column_table_cell av-equal-height-column av-align-top '     id=\"about-style-one\"   aria-label='about-style-one' ><\/div><div class='av-flex-placeholder'><\/div>\n<style type=\"text\/css\" data-created_by=\"avia_inline_auto\" id=\"style-css-av-4sncym-ffc7895215929846625f0d10a04c3344\">\n.flex_column.av-4sncym-ffc7895215929846625f0d10a04c3344{\nwidth:48.5%;\nmargin-left:0;\n}\n#top .flex_column_table.av-equal-height-column-flextable.av-4sncym-ffc7895215929846625f0d10a04c3344 .av-flex-placeholder{\nwidth:3%;\n}\n<\/style>\n<div class='flex_column av-4sncym-ffc7895215929846625f0d10a04c3344 av_one_half  avia-builder-el-9  el_after_av_one_half  avia-builder-el-last  flex_column_table_cell av-equal-height-column av-align-top '     ><p><section  class='av_textblock_section av-28bo6m-3015ec28441841e15f4bf38875db1c84'  itemscope=\"itemscope\" itemtype=\"https:\/\/schema.org\/CreativeWork\" ><div class='avia_textblock'  itemprop=\"text\" ><p>Dominyay vise \u00e0 se prot\u00e9ger des erreurs humaines qui peuvent survenir en num\u00e9risant tous les processus op\u00e9rationnels, \u00e0 fournir les param\u00e8tres de qualit\u00e9 qu&#8217;elle cible et \u00e0 se conformer aux terminaux de la mani\u00e8re la plus pr\u00e9cise possible.<\/p>\n<p>Notre entreprise optimise activement sa gestion de l&#8217;information et ses processus op\u00e9rationnels num\u00e9ris\u00e9s afin de gagner en dynamisme dans ses capacit\u00e9s num\u00e9riques. Outre les op\u00e9rations de production et de logistique, le syst\u00e8me d&#8217;assurance qualit\u00e9 est \u00e9galement inclus dans ce processus num\u00e9rique.<\/p>\n<\/div><\/section><br \/>\n\n<style type=\"text\/css\" data-created_by=\"avia_inline_auto\" id=\"style-css-av-ld37ces9-e263284f7c2ef0576627ddbd6cc467e7\">\n#top .av-special-heading.av-ld37ces9-e263284f7c2ef0576627ddbd6cc467e7{\nmargin:0px 0px 0px 0px;\npadding-bottom:20px;\ncolor:#282b2d;\nfont-size:38px;\n}\nbody .av-special-heading.av-ld37ces9-e263284f7c2ef0576627ddbd6cc467e7 .av-special-heading-tag .heading-char{\nfont-size:25px;\n}\n#top #wrap_all .av-special-heading.av-ld37ces9-e263284f7c2ef0576627ddbd6cc467e7 .av-special-heading-tag{\nfont-size:38px;\npadding:0px 0px 0px 0px;\n}\n.av-special-heading.av-ld37ces9-e263284f7c2ef0576627ddbd6cc467e7 .special-heading-inner-border{\nborder-color:#282b2d;\n}\n.av-special-heading.av-ld37ces9-e263284f7c2ef0576627ddbd6cc467e7 .av-subheading{\nfont-size:15px;\n}\n\n@media only screen and (min-width: 480px) and (max-width: 767px){ \n#top #wrap_all .av-special-heading.av-ld37ces9-e263284f7c2ef0576627ddbd6cc467e7 .av-special-heading-tag{\nfont-size:0.8em;\n}\n}\n\n@media only screen and (max-width: 479px){ \n#top #wrap_all .av-special-heading.av-ld37ces9-e263284f7c2ef0576627ddbd6cc467e7 .av-special-heading-tag{\nfont-size:0.8em;\n}\n}\n<\/style>\n<div  id=\"baslik\"  class='av-special-heading av-ld37ces9-e263284f7c2ef0576627ddbd6cc467e7 av-special-heading-h3 custom-color-heading blockquote modern-quote  avia-builder-el-11  el_after_av_textblock  el_before_av_textblock  baslik baslik av-inherit-size'><h3 class='av-special-heading-tag'  itemprop=\"headline\"  >Application de Flux de travail eBA<\/h3><div class=\"special-heading-border\"><div class=\"special-heading-inner-border\"><\/div><\/div><\/div><br \/>\n<section  class='av_textblock_section av-ld37d6zf-43671944a8f5438f25ab0802f3cfb783'  itemscope=\"itemscope\" itemtype=\"https:\/\/schema.org\/CreativeWork\" ><div class='avia_textblock'  itemprop=\"text\" ><p>Il am\u00e9liore les performances des processus en assurant la standardisation et l&#8217;automatisation des processus m\u00e9tier. Il contribue \u00e0 l&#8217;utilisation efficace des ressources de l&#8217;entreprise en r\u00e9duisant les co\u00fbts de processus. Eba:<\/p>\n<p>\u2013\u00a0\u00a0\u00a0\u00a0\u00a0\u00a0\u00a0\u00a0\u00a0\u00a0\u00a0\u00a0 Il offre une forte int\u00e9gration avec les syst\u00e8mes op\u00e9rationnels existants. &#8211; Il permet une int\u00e9gration facile et rapide avec les principaux syst\u00e8mes ERP tels que SAP, AXAPTA, Oracle, Netsis, Logo, Nebim, Mikro.<\/p>\n<p>\u2013\u00a0\u00a0\u00a0\u00a0\u00a0\u00a0\u00a0\u00a0\u00a0\u00a0\u00a0\u00a0 Il est ouvert \u00e0 l&#8217;int\u00e9gration via des portails d&#8217;entreprise et des services Web. &#8211; Fournit une forte int\u00e9gration de composants webpart avec le portail Sharepoint.<\/p>\n<p>\u2013\u00a0\u00a0\u00a0\u00a0\u00a0\u00a0\u00a0\u00a0\u00a0\u00a0\u00a0\u00a0 Il permet d&#8217;int\u00e9grer des processus m\u00e9tier ext\u00e9rieurs aux syst\u00e8mes ERP dans les syst\u00e8mes ERP.<\/p>\n<p>\u2013\u00a0\u00a0\u00a0\u00a0\u00a0\u00a0\u00a0\u00a0\u00a0\u00a0\u00a0\u00a0 Il facilite la gestion des processus m\u00e9tier suivis sur papier dans un environnement \u00e9lectronique. Emp\u00eache la saisie de donn\u00e9es erron\u00e9es gr\u00e2ce \u00e0 la communication avec les syst\u00e8mes op\u00e9rationnels existants dans un environnement \u00e9lectronique.<\/p>\n<\/div><\/section><br \/>\n\n<style type=\"text\/css\" data-created_by=\"avia_inline_auto\" id=\"style-css-av-ld37nig0-31945d51b3bd550d65931f3864b401c0\">\n#top .av-special-heading.av-ld37nig0-31945d51b3bd550d65931f3864b401c0{\nmargin:0px 0px 0px 0px;\npadding-bottom:20px;\ncolor:#282b2d;\nfont-size:38px;\n}\nbody .av-special-heading.av-ld37nig0-31945d51b3bd550d65931f3864b401c0 .av-special-heading-tag .heading-char{\nfont-size:25px;\n}\n#top #wrap_all .av-special-heading.av-ld37nig0-31945d51b3bd550d65931f3864b401c0 .av-special-heading-tag{\nfont-size:38px;\npadding:0px 0px 0px 0px;\n}\n.av-special-heading.av-ld37nig0-31945d51b3bd550d65931f3864b401c0 .special-heading-inner-border{\nborder-color:#282b2d;\n}\n.av-special-heading.av-ld37nig0-31945d51b3bd550d65931f3864b401c0 .av-subheading{\nfont-size:15px;\n}\n\n@media only screen and (min-width: 480px) and (max-width: 767px){ \n#top #wrap_all .av-special-heading.av-ld37nig0-31945d51b3bd550d65931f3864b401c0 .av-special-heading-tag{\nfont-size:0.8em;\n}\n}\n\n@media only screen and (max-width: 479px){ \n#top #wrap_all .av-special-heading.av-ld37nig0-31945d51b3bd550d65931f3864b401c0 .av-special-heading-tag{\nfont-size:0.8em;\n}\n}\n<\/style>\n<div  id=\"baslik\"  class='av-special-heading av-ld37nig0-31945d51b3bd550d65931f3864b401c0 av-special-heading-h3 custom-color-heading blockquote modern-quote  avia-builder-el-13  el_after_av_textblock  el_before_av_textblock  baslik baslik av-inherit-size'><h3 class='av-special-heading-tag'  itemprop=\"headline\"  >Logiciel \/ Software<\/h3><div class=\"special-heading-border\"><div class=\"special-heading-inner-border\"><\/div><\/div><\/div><br \/>\n<section  class='av_textblock_section av-ld37ndun-3fafadba48cdefb4735d9b73ab5c244f'  itemscope=\"itemscope\" itemtype=\"https:\/\/schema.org\/CreativeWork\" ><div class='avia_textblock'  itemprop=\"text\" ><p>L&#8217;application QDMS est une solution de syst\u00e8me de gestion conviviale d\u00e9velopp\u00e9e pour la r\u00e9alisation de la qualit\u00e9 cibl\u00e9e. QDMS \u00e9limine la d\u00e9pendance \u00e0 l&#8217;\u00e9gard de la personne dans vos processus de syst\u00e8mes de gestion et vous ouvre les portes pour que vous soyez diff\u00e9rent et pionnier avec l&#8217;approche syst\u00e8me. Les avantages peuvent \u00eatre compt\u00e9s comme suit.<\/p>\n<p>\u2013\u00a0\u00a0\u00a0\u00a0\u00a0\u00a0\u00a0\u00a0\u00a0\u00a0\u00a0\u00a0 Cr\u00e9ation d&#8217;une m\u00e9moire d&#8217;entreprise et d&#8217;un pool d&#8217;informations d&#8217;entreprise<\/p>\n<p>\u2013\u00a0\u00a0\u00a0\u00a0\u00a0\u00a0\u00a0\u00a0\u00a0\u00a0\u00a0\u00a0 Structure modulaire et param\u00e9trique-Prise en charge multilingue<\/p>\n<p>\u2013\u00a0\u00a0\u00a0\u00a0\u00a0\u00a0\u00a0\u00a0\u00a0\u00a0\u00a0\u00a0 Prise en charge des appareils mobiles<\/p>\n<p>\u2013\u00a0\u00a0\u00a0\u00a0\u00a0\u00a0\u00a0\u00a0\u00a0\u00a0\u00a0\u00a0 Possibilit\u00e9 de travailler ind\u00e9pendamment du navigateur Acc\u00e8s de n&#8217;importe o\u00f9 avec la technologie Web<\/p>\n<p>\u2013\u00a0\u00a0\u00a0\u00a0\u00a0\u00a0\u00a0\u00a0\u00a0\u00a0\u00a0\u00a0 Gain de temps, possibilit\u00e9 de cr\u00e9er des flux de travail ind\u00e9pendants<\/p>\n<p>\u2013\u00a0\u00a0\u00a0\u00a0\u00a0\u00a0\u00a0\u00a0\u00a0\u00a0\u00a0\u00a0 Mise en service rapide et facile<\/p>\n<p>\u2013\u00a0\u00a0\u00a0\u00a0\u00a0\u00a0\u00a0\u00a0\u00a0\u00a0\u00a0\u00a0 Assumer des t\u00e2ches de routine<\/p>\n<p>\u2013\u00a0\u00a0\u00a0\u00a0\u00a0\u00a0\u00a0\u00a0\u00a0\u00a0\u00a0\u00a0 Gestion sans d\u00e9pendre des personnes<\/p>\n<p>\u2013\u00a0\u00a0\u00a0\u00a0\u00a0\u00a0\u00a0\u00a0\u00a0\u00a0\u00a0\u00a0 S&#8217;adapter aux conditions changeantes<\/p>\n<p>\u2013\u00a0\u00a0\u00a0\u00a0\u00a0\u00a0\u00a0\u00a0\u00a0\u00a0\u00a0\u00a0 Facile \u00e0 apprendre<\/p>\n<p>\u2013\u00a0\u00a0\u00a0\u00a0\u00a0\u00a0\u00a0\u00a0\u00a0\u00a0\u00a0\u00a0 Application Mobile Native du SGQD<\/p>\n<\/div><\/section><\/p><\/div><\/div><!--close column table wrapper. Autoclose: 1 --><\/p>\n","protected":false},"excerpt":{"rendered":"","protected":false},"author":1,"featured_media":0,"parent":0,"menu_order":0,"comment_status":"closed","ping_status":"closed","template":"","meta":{"footnotes":""},"class_list":["post-3838","page","type-page","status-publish","hentry"],"_links":{"self":[{"href":"https:\/\/dominyay.com.tr\/fr\/wp-json\/wp\/v2\/pages\/3838","targetHints":{"allow":["GET"]}}],"collection":[{"href":"https:\/\/dominyay.com.tr\/fr\/wp-json\/wp\/v2\/pages"}],"about":[{"href":"https:\/\/dominyay.com.tr\/fr\/wp-json\/wp\/v2\/types\/page"}],"author":[{"embeddable":true,"href":"https:\/\/dominyay.com.tr\/fr\/wp-json\/wp\/v2\/users\/1"}],"replies":[{"embeddable":true,"href":"https:\/\/dominyay.com.tr\/fr\/wp-json\/wp\/v2\/comments?post=3838"}],"version-history":[{"count":20,"href":"https:\/\/dominyay.com.tr\/fr\/wp-json\/wp\/v2\/pages\/3838\/revisions"}],"predecessor-version":[{"id":3980,"href":"https:\/\/dominyay.com.tr\/fr\/wp-json\/wp\/v2\/pages\/3838\/revisions\/3980"}],"wp:attachment":[{"href":"https:\/\/dominyay.com.tr\/fr\/wp-json\/wp\/v2\/media?parent=3838"}],"curies":[{"name":"wp","href":"https:\/\/api.w.org\/{rel}","templated":true}]}}