{"id":3695,"date":"2022-11-23T14:09:34","date_gmt":"2022-11-23T11:09:34","guid":{"rendered":"https:\/\/dominyay.com.tr\/fr\/?page_id=3695"},"modified":"2023-05-04T11:35:16","modified_gmt":"2023-05-04T08:35:16","slug":"iletisim-sac-form-yaylari-cekme-yaylari-tel-formlandirma-baski-yaylari","status":"publish","type":"page","link":"https:\/\/dominyay.com.tr\/fr\/iletisim-sac-form-yaylari-cekme-yaylari-tel-formlandirma-baski-yaylari\/","title":{"rendered":"Communication"},"content":{"rendered":"\n<style type=\"text\/css\" data-created_by=\"avia_inline_auto\" id=\"style-css-av-54ubbj-cf6fe8e35ab368847488b646ade9fcb2\">\n.avia-section.av-54ubbj-cf6fe8e35ab368847488b646ade9fcb2{\nbackground-repeat:no-repeat;\nbackground-image:url(https:\/\/dominyay.com.tr\/fr\/wp-content\/uploads\/2022\/11\/keader2.jpg);\nbackground-position:0% 0%;\nbackground-attachment:scroll;\n}\n.avia-section.av-54ubbj-cf6fe8e35ab368847488b646ade9fcb2 .av-section-color-overlay{\nopacity:0.5;\nbackground-color:#020202;\n}\n<\/style>\n<div id='av_section_1'  class='avia-section av-54ubbj-cf6fe8e35ab368847488b646ade9fcb2 main_color avia-section-default avia-no-border-styling  avia-builder-el-0  el_before_av_section  avia-builder-el-first  avia-bg-style-scroll av-section-color-overlay-active av-minimum-height av-minimum-height-45  container_wrap fullsize'  data-section-bg-repeat='no-repeat' data-av_minimum_height_pc='45'><div class=\"av-section-color-overlay-wrap\"><div class=\"av-section-color-overlay\"><\/div><div class='container av-section-cont-open' ><main  role=\"main\" itemprop=\"mainContentOfPage\"  class='template-page content  av-content-full alpha units'><div class='post-entry post-entry-type-page post-entry-3695'><div class='entry-content-wrapper clearfix'>\n<div class='flex_column av-4akmxb-4138c9ebb34af4e432d6ba5c039fef9b av_one_full  avia-builder-el-1  el_before_av_codeblock  avia-builder-el-first  first flex_column_div '     ><style type=\"text\/css\" data-created_by=\"avia_inline_auto\" id=\"style-css-av-latjmuhc-a554327b91c724b94538758db36bb1ae\">\n#top .av-special-heading.av-latjmuhc-a554327b91c724b94538758db36bb1ae{\nmargin:0px 0px 0px 0px;\npadding-bottom:10px;\ncolor:#ffffff;\n}\nbody .av-special-heading.av-latjmuhc-a554327b91c724b94538758db36bb1ae .av-special-heading-tag .heading-char{\nfont-size:25px;\n}\n#top #wrap_all .av-special-heading.av-latjmuhc-a554327b91c724b94538758db36bb1ae .av-special-heading-tag{\npadding:0px 0px 0px 0px;\n}\n.av-special-heading.av-latjmuhc-a554327b91c724b94538758db36bb1ae .special-heading-inner-border{\nborder-color:#ffffff;\n}\n.av-special-heading.av-latjmuhc-a554327b91c724b94538758db36bb1ae .av-subheading{\nfont-size:15px;\n}\n<\/style>\n<div  id=\"ortasubbaslik\"  class='av-special-heading av-latjmuhc-a554327b91c724b94538758db36bb1ae av-special-heading-h3 custom-color-heading blockquote modern-quote modern-centered  avia-builder-el-2  avia-builder-el-no-sibling  ortasubbaslik ortasubbaslik'><h3 class='av-special-heading-tag'  itemprop=\"headline\"  >Communication<\/h3><div class=\"special-heading-border\"><div class=\"special-heading-inner-border\"><\/div><\/div><\/div><\/div>\n<\/div><\/div><\/main><!-- close content main element --><\/div><\/div><\/div>\n<style type=\"text\/css\" data-created_by=\"avia_inline_auto\" id=\"style-css-av-1unzgf-1c2f4d1f72116d1c51d80b6fc170b8b2\">\n.avia-section.av-1unzgf-1c2f4d1f72116d1c51d80b6fc170b8b2{\nbackground-color:#f3f3f3;\nbackground-image:url(https:\/\/dominyay.com.tr\/fr\/wp-content\/uploads\/2022\/11\/row-01.png);\nbackground-repeat:repeat;\nbackground-position:0% 0%;\nbackground-attachment:scroll;\n}\n<\/style>\n<div id='av_section_2'  class='avia-section av-1unzgf-1c2f4d1f72116d1c51d80b6fc170b8b2 main_color avia-section-default avia-no-border-styling  avia-builder-el-4  el_after_av_section  el_before_av_section  avia-bg-style-scroll av-minimum-height av-minimum-height-50  container_wrap fullsize'  data-section-bg-repeat='repeat' data-av_minimum_height_pc='50'><div class='container av-section-cont-open' ><div class='template-page content  av-content-full alpha units'><div class='post-entry post-entry-type-page post-entry-3695'><div class='entry-content-wrapper clearfix'>\n\n<style type=\"text\/css\" data-created_by=\"avia_inline_auto\" id=\"style-css-av-latl7i0c-6cff03a92df942c5dd5cce388838a650\">\n#top .av-special-heading.av-latl7i0c-6cff03a92df942c5dd5cce388838a650{\nmargin:0px 0px 0px 0px;\npadding-bottom:40px;\ncolor:#282b2d;\nfont-size:38px;\n}\nbody .av-special-heading.av-latl7i0c-6cff03a92df942c5dd5cce388838a650 .av-special-heading-tag .heading-char{\nfont-size:25px;\n}\n#top #wrap_all .av-special-heading.av-latl7i0c-6cff03a92df942c5dd5cce388838a650 .av-special-heading-tag{\nfont-size:38px;\npadding:0px 0px 0px 0px;\n}\n.av-special-heading.av-latl7i0c-6cff03a92df942c5dd5cce388838a650 .special-heading-inner-border{\nborder-color:#282b2d;\n}\n.av-special-heading.av-latl7i0c-6cff03a92df942c5dd5cce388838a650 .av-subheading{\nfont-size:15px;\ncolor:#ff172d;\n}\n\n@media only screen and (min-width: 480px) and (max-width: 767px){ \n#top #wrap_all .av-special-heading.av-latl7i0c-6cff03a92df942c5dd5cce388838a650 .av-special-heading-tag{\nfont-size:0.8em;\n}\n}\n\n@media only screen and (max-width: 479px){ \n#top #wrap_all .av-special-heading.av-latl7i0c-6cff03a92df942c5dd5cce388838a650 .av-special-heading-tag{\nfont-size:0.8em;\n}\n}\n<\/style>\n<div  id=\"baslik\"  class='av-special-heading av-latl7i0c-6cff03a92df942c5dd5cce388838a650 av-special-heading-h3 custom-color-heading blockquote modern-quote modern-centered  avia-builder-el-5  el_before_av_one_half  avia-builder-el-first  baslik baslik av-inherit-size'><div class='av_custom_color av-subheading av-subheading_above'><p>DOM\u0130NYAY Industrie des ressorts et des machines<\/p>\n<\/div><h3 class='av-special-heading-tag'  itemprop=\"headline\"  >Nos Coordonn\u00e9es<\/h3><div class=\"special-heading-border\"><div class=\"special-heading-inner-border\"><\/div><\/div><\/div>\n\n<style type=\"text\/css\" data-created_by=\"avia_inline_auto\" id=\"style-css-av-latk645s-bdb9e927c1bf7d705d4395a2949567e1\">\n.flex_column.av-latk645s-bdb9e927c1bf7d705d4395a2949567e1{\nwidth:49.5%;\n}\n<\/style>\n<div class='flex_column av-latk645s-bdb9e927c1bf7d705d4395a2949567e1 av_one_half  avia-builder-el-6  el_after_av_heading  el_before_av_one_fourth  kutu2 kutu2 first flex_column_div '     id=\"kutu2\"   aria-label='kutu2' ><p>\n<style type=\"text\/css\" data-created_by=\"avia_inline_auto\" id=\"style-css-av-282ga7-3bee28300dc4a508e52d8a2f53d89338\">\n.av_font_icon.av-282ga7-3bee28300dc4a508e52d8a2f53d89338{\ncolor:#ffffff;\nborder-color:#ffffff;\n}\n.av_font_icon.av-282ga7-3bee28300dc4a508e52d8a2f53d89338 .av-icon-char{\nfont-size:40px;\nline-height:40px;\n}\n<\/style>\n<span  id=\"iletisimkutu\"  class='av_font_icon av-282ga7-3bee28300dc4a508e52d8a2f53d89338 avia_animate_when_visible av-icon-style- avia-icon-pos-left iletisimkutu avia-icon-animate'><span class='av-icon-char' aria-hidden='true' data-av_icon='\uf101' data-av_iconfont='iletisim' ><\/span><\/span><br \/>\n\n<style type=\"text\/css\" data-created_by=\"avia_inline_auto\" id=\"style-css-av-latl25z3-48bebf94a2f615c76dcaa26b9388cfc8\">\n#top .av-special-heading.av-latl25z3-48bebf94a2f615c76dcaa26b9388cfc8{\npadding-bottom:10px;\n}\nbody .av-special-heading.av-latl25z3-48bebf94a2f615c76dcaa26b9388cfc8 .av-special-heading-tag .heading-char{\nfont-size:25px;\n}\n#top #wrap_all .av-special-heading.av-latl25z3-48bebf94a2f615c76dcaa26b9388cfc8 .av-special-heading-tag{\npadding:20px 0 0 0;\n}\n.av-special-heading.av-latl25z3-48bebf94a2f615c76dcaa26b9388cfc8 .av-subheading{\nfont-size:15px;\n}\n<\/style>\n<div  class='av-special-heading av-latl25z3-48bebf94a2f615c76dcaa26b9388cfc8 av-special-heading-h3 blockquote modern-quote  avia-builder-el-8  el_after_av_font_icon  avia-builder-el-last '><h3 class='av-special-heading-tag'  itemprop=\"headline\"  >Adresse<\/h3><div class='av-subheading av-subheading_below'><p>Atat\u00fcrk Organize Sanayi B\u00f6lgesi 10041 Sk. No:1 \u00c7i\u011fli,<br \/>\n\u0130zmir 35620 T\u00fcrkiye.<\/p>\n<\/div><div class=\"special-heading-border\"><div class=\"special-heading-inner-border\"><\/div><\/div><\/div><\/p><\/div>\n<style type=\"text\/css\" data-created_by=\"avia_inline_auto\" id=\"style-css-av-4boptr-b4201148083c6a8ae9988b20c05d4bcd\">\n.flex_column.av-4boptr-b4201148083c6a8ae9988b20c05d4bcd{\nwidth:24.25%;\nmargin-left:1%;\n}\n<\/style>\n<div class='flex_column av-4boptr-b4201148083c6a8ae9988b20c05d4bcd av_one_fourth  avia-builder-el-9  el_after_av_one_half  el_before_av_one_fourth  kutu2 kutu2 flex_column_div '     id=\"kutu2\"   aria-label='kutu2' ><p>\n<style type=\"text\/css\" data-created_by=\"avia_inline_auto\" id=\"style-css-av-latl4tvk-844636e1862cf9e4f5ca73e451f4a0ba\">\n.av_font_icon.av-latl4tvk-844636e1862cf9e4f5ca73e451f4a0ba{\ncolor:#ffffff;\nborder-color:#ffffff;\n}\n.av_font_icon.av-latl4tvk-844636e1862cf9e4f5ca73e451f4a0ba .av-icon-char{\nfont-size:40px;\nline-height:40px;\n}\n<\/style>\n<span  id=\"iletisimkutu\"  class='av_font_icon av-latl4tvk-844636e1862cf9e4f5ca73e451f4a0ba avia_animate_when_visible av-icon-style- avia-icon-pos-left iletisimkutu avia-icon-animate'><span class='av-icon-char' aria-hidden='true' data-av_icon='\uf104' data-av_iconfont='iletisim' ><\/span><\/span><br \/>\n\n<style type=\"text\/css\" data-created_by=\"avia_inline_auto\" id=\"style-css-av-latl58ra-e71d985721b2a5a0991a0b0aab1406e4\">\n#top .av-special-heading.av-latl58ra-e71d985721b2a5a0991a0b0aab1406e4{\npadding-bottom:10px;\n}\nbody .av-special-heading.av-latl58ra-e71d985721b2a5a0991a0b0aab1406e4 .av-special-heading-tag .heading-char{\nfont-size:25px;\n}\n#top #wrap_all .av-special-heading.av-latl58ra-e71d985721b2a5a0991a0b0aab1406e4 .av-special-heading-tag{\npadding:20px 0 0 0;\n}\n.av-special-heading.av-latl58ra-e71d985721b2a5a0991a0b0aab1406e4 .av-subheading{\nfont-size:15px;\n}\n<\/style>\n<div  class='av-special-heading av-latl58ra-e71d985721b2a5a0991a0b0aab1406e4 av-special-heading-h3 blockquote modern-quote  avia-builder-el-11  el_after_av_font_icon  avia-builder-el-last '><h3 class='av-special-heading-tag'  itemprop=\"headline\"  >T\u00e9l\u00e9phone<\/h3><div class='av-subheading av-subheading_below'><p>+90 232 328 09 58<br \/>\n+90 232 328 09 60<\/p>\n<\/div><div class=\"special-heading-border\"><div class=\"special-heading-inner-border\"><\/div><\/div><\/div><\/p><\/div>\n<style type=\"text\/css\" data-created_by=\"avia_inline_auto\" id=\"style-css-av-2mncvz-499af952fcb1aeca5f44ec85c3bebac9\">\n.flex_column.av-2mncvz-499af952fcb1aeca5f44ec85c3bebac9{\nwidth:24.25%;\nmargin-left:1%;\n}\n<\/style>\n<div class='flex_column av-2mncvz-499af952fcb1aeca5f44ec85c3bebac9 av_one_fourth  avia-builder-el-12  el_after_av_one_fourth  avia-builder-el-last  kutu2 kutu2 flex_column_div '     id=\"kutu2\"   aria-label='kutu2' ><p>\n<style type=\"text\/css\" data-created_by=\"avia_inline_auto\" id=\"style-css-av-latl5ilp-640c416b7dbbf5627e13a02b1cbb24ad\">\n.av_font_icon.av-latl5ilp-640c416b7dbbf5627e13a02b1cbb24ad{\ncolor:#ffffff;\nborder-color:#ffffff;\n}\n.av_font_icon.av-latl5ilp-640c416b7dbbf5627e13a02b1cbb24ad .av-icon-char{\nfont-size:40px;\nline-height:40px;\n}\n<\/style>\n<span  id=\"iletisimkutu\"  class='av_font_icon av-latl5ilp-640c416b7dbbf5627e13a02b1cbb24ad avia_animate_when_visible av-icon-style- avia-icon-pos-left iletisimkutu avia-icon-animate'><span class='av-icon-char' aria-hidden='true' data-av_icon='\uf106' data-av_iconfont='iletisim' ><\/span><\/span><br \/>\n\n<style type=\"text\/css\" data-created_by=\"avia_inline_auto\" id=\"style-css-av-latl5s92-bce6c893c21586336cd6cee7a80f66f2\">\n#top .av-special-heading.av-latl5s92-bce6c893c21586336cd6cee7a80f66f2{\npadding-bottom:10px;\n}\nbody .av-special-heading.av-latl5s92-bce6c893c21586336cd6cee7a80f66f2 .av-special-heading-tag .heading-char{\nfont-size:25px;\n}\n#top #wrap_all .av-special-heading.av-latl5s92-bce6c893c21586336cd6cee7a80f66f2 .av-special-heading-tag{\npadding:20px 0 0 0;\n}\n.av-special-heading.av-latl5s92-bce6c893c21586336cd6cee7a80f66f2 .av-subheading{\nfont-size:15px;\n}\n<\/style>\n<div  class='av-special-heading av-latl5s92-bce6c893c21586336cd6cee7a80f66f2 av-special-heading-h3 blockquote modern-quote  avia-builder-el-14  el_after_av_font_icon  avia-builder-el-last '><h3 class='av-special-heading-tag'  itemprop=\"headline\"  >E-mail<\/h3><div class='av-subheading av-subheading_below'><p>info@dominyay.com.tr<br \/>\ninfo@dominyay.com<\/p>\n<\/div><div class=\"special-heading-border\"><div class=\"special-heading-inner-border\"><\/div><\/div><\/div><\/p><\/div><\/div><\/div><\/div><!-- close content main div --><\/div><\/div><div id='hementeklifal'  class='avia-section av-tcqz3-2a37d3a4b142c8b51f033b6650768b70 main_color avia-section-default avia-no-border-styling  avia-builder-el-15  el_after_av_section  avia-builder-el-last  avia-bg-style-scroll container_wrap fullsize'  ><div class='container av-section-cont-open' ><div class='template-page content  av-content-full alpha units'><div class='post-entry post-entry-type-page post-entry-3695'><div class='entry-content-wrapper clearfix'>\n<div class='flex_column av-5grua7-5167a5faf846389209eee1c0e6861bc8 av_one_half  avia-builder-el-16  el_before_av_one_half  avia-builder-el-first  first flex_column_div '     ><p>\n<style type=\"text\/css\" data-created_by=\"avia_inline_auto\" id=\"style-css-av-3xeygf-cd5f4d577ca02cbf4b003fb6d9804abd\">\n#top .av-special-heading.av-3xeygf-cd5f4d577ca02cbf4b003fb6d9804abd{\npadding-bottom:10px;\ncolor:#282b2d;\nfont-size:38px;\n}\nbody .av-special-heading.av-3xeygf-cd5f4d577ca02cbf4b003fb6d9804abd .av-special-heading-tag .heading-char{\nfont-size:25px;\n}\n#top #wrap_all .av-special-heading.av-3xeygf-cd5f4d577ca02cbf4b003fb6d9804abd .av-special-heading-tag{\nfont-size:38px;\n}\n.av-special-heading.av-3xeygf-cd5f4d577ca02cbf4b003fb6d9804abd .special-heading-inner-border{\nborder-color:#282b2d;\n}\n.av-special-heading.av-3xeygf-cd5f4d577ca02cbf4b003fb6d9804abd .av-subheading{\nfont-size:15px;\ncolor:#ff172d;\n}\n\n@media only screen and (min-width: 480px) and (max-width: 767px){ \n#top #wrap_all .av-special-heading.av-3xeygf-cd5f4d577ca02cbf4b003fb6d9804abd .av-special-heading-tag{\nfont-size:0.8em;\n}\n}\n\n@media only screen and (max-width: 479px){ \n#top #wrap_all .av-special-heading.av-3xeygf-cd5f4d577ca02cbf4b003fb6d9804abd .av-special-heading-tag{\nfont-size:0.8em;\n}\n}\n<\/style>\n<div  id=\"baslik\"  class='av-special-heading av-3xeygf-cd5f4d577ca02cbf4b003fb6d9804abd av-special-heading-h3 custom-color-heading blockquote modern-quote  avia-builder-el-17  el_before_av_textblock  avia-builder-el-first  baslik baslik av-inherit-size'><div class='av_custom_color av-subheading av-subheading_above'><p>Dominyay<\/p>\n<\/div><h3 class='av-special-heading-tag'  itemprop=\"headline\"  >Votre Partenaire de Solutions pour les Produits Industriels\u2026<\/h3><div class=\"special-heading-border\"><div class=\"special-heading-inner-border\"><\/div><\/div><\/div><br \/>\n<section  class='av_textblock_section av-latlfkdr-8d269aac8405dd952fd13a07b783103f'  itemscope=\"itemscope\" itemtype=\"https:\/\/schema.org\/CreativeWork\" ><div class='avia_textblock'  itemprop=\"text\" ><p>Contactez-nous, laissez un message avec toutes vos coordonn\u00e9es ou appelez-nous pour plus d&#8217;informations!<\/p>\n<\/div><\/section><br \/>\n\n<style type=\"text\/css\" data-created_by=\"avia_inline_auto\" id=\"style-css-av-latm195y-706ba04257db591f7c37d608cba80a80\">\n#top .av-special-heading.av-latm195y-706ba04257db591f7c37d608cba80a80{\npadding-bottom:10px;\n}\nbody .av-special-heading.av-latm195y-706ba04257db591f7c37d608cba80a80 .av-special-heading-tag .heading-char{\nfont-size:25px;\n}\n#top #wrap_all .av-special-heading.av-latm195y-706ba04257db591f7c37d608cba80a80 .av-special-heading-tag{\npadding:20px 0 0 0;\n}\n.av-special-heading.av-latm195y-706ba04257db591f7c37d608cba80a80 .av-subheading{\nfont-size:15px;\n}\n<\/style>\n<div  class='av-special-heading av-latm195y-706ba04257db591f7c37d608cba80a80 av-special-heading-h3 blockquote modern-quote  avia-builder-el-19  el_after_av_textblock  el_before_av_codeblock '><h3 class='av-special-heading-tag'  itemprop=\"headline\"  >Nos Heures De Travail<\/h3><div class=\"special-heading-border\"><div class=\"special-heading-inner-border\"><\/div><\/div><\/div><br \/>\n<br \/>\n<div  class='av_gmaps_sc_main_wrap av_gmaps_main_wrap '><div id='av_gmap_0' class='avia-google-map-container avia-google-map-sc av_gmaps_show_unconditionally av-no-fallback-img ' data-mapid='av_gmap_0'  style='height: 250px;'><a class=\"av_gmaps_browser_disabled av_text_confirm_link av_text_confirm_link_visible\" href=\"https:\/\/www.google.com\/maps\/search\/?api=1&#038;query=Dominyay%20Yay%20ve%20Makine%20Sanayi\" target=\"_blank\" rel=\"noopener\">Maps were disabled by the visitor on this site. Click to open the map in a new window.<\/a><\/div><\/div><\/p><\/div><div class='flex_column av-2svzb3-4ef3e7edece4196217484d1ae34194b4 av_one_half  avia-builder-el-22  el_after_av_one_half  avia-builder-el-last  flex_column_div '     ><form action=\"https:\/\/dominyay.com.tr\/fr\/iletisim-sac-form-yaylari-cekme-yaylari-tel-formlandirma-baski-yaylari\/\" method=\"post\"  class=\"avia_ajax_form av-form-labels-hidden   avia-builder-el-23  avia-builder-el-no-sibling  iletisimformu  \" data-avia-form-id=\"1\" data-avia-redirect=''  id=\"iletisimformu\" ><h3 class=''>Envoyez-nous un courrier<\/h3><fieldset><p class='  first_form  form_element form_fullwidth' id='element_avia_1_1'><label for=\"avia_1_1\">Nom <abbr class=\"required\" title=\"Zorunlu\">*<\/abbr><\/label> <input name=\"avia_1_1\" class=\"text_input is_empty\" type=\"text\" id=\"avia_1_1\" value=\"\"  placeholder='Nom*'\/><\/p><p class='  first_form  form_element form_fullwidth' id='element_avia_2_1'><label for=\"avia_2_1\">E-Mail<\/label> <input name=\"avia_2_1\" class=\"text_input \" type=\"text\" id=\"avia_2_1\" value=\"\"  placeholder='E-Mail'\/><\/p><p class='  first_form  form_element form_fullwidth' id='element_avia_3_1'><label for=\"avia_3_1\">Sujet <abbr class=\"required\" title=\"Zorunlu\">*<\/abbr><\/label> <input name=\"avia_3_1\" class=\"text_input is_empty\" type=\"text\" id=\"avia_3_1\" value=\"\"  placeholder='Sujet*'\/><\/p><p class='  first_form  form_element form_fullwidth av-last-visible-form-element' id='element_avia_4_1'><label for=\"avia_4_1\" class=\"textare_label hidden textare_label_avia_4_1\">Message <abbr class=\"required\" title=\"Zorunlu\">*<\/abbr><\/label><textarea  placeholder='Message*' name=\"avia_4_1\" class=\"text_area is_empty\" cols=\"40\" rows=\"7\" id=\"avia_4_1\" ><\/textarea><\/p><p class=\"hidden\"><input type=\"text\" name=\"avia_5_1\" class=\"hidden \" id=\"avia_5_1\" value=\"\" \/><\/p><p class=\"form_element \"><input type=\"hidden\" value=\"1\" name=\"avia_generated_form1\" \/><input type=\"submit\" value=\"\uf101\" class=\"button\"  data-sending-label=\"G\u00f6nderiliyor\"\/><\/p><\/fieldset><\/form><div id=\"ajaxresponse_1\" class=\"ajaxresponse ajaxresponse_1 hidden\"><\/div><\/div><\/p>\n","protected":false},"excerpt":{"rendered":"","protected":false},"author":1,"featured_media":0,"parent":0,"menu_order":0,"comment_status":"closed","ping_status":"closed","template":"","meta":{"footnotes":""},"class_list":["post-3695","page","type-page","status-publish","hentry"],"_links":{"self":[{"href":"https:\/\/dominyay.com.tr\/fr\/wp-json\/wp\/v2\/pages\/3695","targetHints":{"allow":["GET"]}}],"collection":[{"href":"https:\/\/dominyay.com.tr\/fr\/wp-json\/wp\/v2\/pages"}],"about":[{"href":"https:\/\/dominyay.com.tr\/fr\/wp-json\/wp\/v2\/types\/page"}],"author":[{"embeddable":true,"href":"https:\/\/dominyay.com.tr\/fr\/wp-json\/wp\/v2\/users\/1"}],"replies":[{"embeddable":true,"href":"https:\/\/dominyay.com.tr\/fr\/wp-json\/wp\/v2\/comments?post=3695"}],"version-history":[{"count":38,"href":"https:\/\/dominyay.com.tr\/fr\/wp-json\/wp\/v2\/pages\/3695\/revisions"}],"predecessor-version":[{"id":3703,"href":"https:\/\/dominyay.com.tr\/fr\/wp-json\/wp\/v2\/pages\/3695\/revisions\/3703"}],"wp:attachment":[{"href":"https:\/\/dominyay.com.tr\/fr\/wp-json\/wp\/v2\/media?parent=3695"}],"curies":[{"name":"wp","href":"https:\/\/api.w.org\/{rel}","templated":true}]}}