{"id":3603,"date":"2022-11-23T09:21:32","date_gmt":"2022-11-23T06:21:32","guid":{"rendered":"https:\/\/dominyay.com.tr\/fr\/?page_id=3603"},"modified":"2023-05-04T11:57:33","modified_gmt":"2023-05-04T08:57:33","slug":"hakkimizda-baski-yaylari-cekme-yaylari-tel-formlandirma-jant-kapak-telleri","status":"publish","type":"page","link":"https:\/\/dominyay.com.tr\/fr\/hakkimizda-baski-yaylari-cekme-yaylari-tel-formlandirma-jant-kapak-telleri\/","title":{"rendered":"d&#8217;Entreprise"},"content":{"rendered":"\n<style type=\"text\/css\" data-created_by=\"avia_inline_auto\" id=\"style-css-av-lat9fbb4-7dbb60498b60833f436413eba324e2dc\">\n.avia-section.av-lat9fbb4-7dbb60498b60833f436413eba324e2dc{\nbackground-repeat:no-repeat;\nbackground-image:url(https:\/\/dominyay.com.tr\/fr\/wp-content\/uploads\/2022\/11\/keader2.jpg);\nbackground-position:0% 0%;\nbackground-attachment:scroll;\n}\n.avia-section.av-lat9fbb4-7dbb60498b60833f436413eba324e2dc .av-section-color-overlay{\nopacity:0.5;\nbackground-color:#020202;\n}\n<\/style>\n<div id='av_section_1'  class='avia-section av-lat9fbb4-7dbb60498b60833f436413eba324e2dc main_color avia-section-default avia-no-border-styling  avia-builder-el-0  el_before_av_section  avia-builder-el-first  avia-bg-style-scroll av-section-color-overlay-active av-minimum-height av-minimum-height-45  container_wrap fullsize'  data-section-bg-repeat='no-repeat' data-av_minimum_height_pc='45'><div class=\"av-section-color-overlay-wrap\"><div class=\"av-section-color-overlay\"><\/div><div class='container av-section-cont-open' ><main  role=\"main\" itemprop=\"mainContentOfPage\"  class='template-page content  av-content-full alpha units'><div class='post-entry post-entry-type-page post-entry-3603'><div class='entry-content-wrapper clearfix'>\n<div class='flex_column av-2hzykz-10d6a39700ca43fe73bb026a1449253c av_one_full  avia-builder-el-1  el_before_av_codeblock  avia-builder-el-first  first flex_column_div '     ><style type=\"text\/css\" data-created_by=\"avia_inline_auto\" id=\"style-css-av-latarxib-6929d54263b68acb3c8dec7151ae54b3\">\n#top .av-special-heading.av-latarxib-6929d54263b68acb3c8dec7151ae54b3{\nmargin:0px 0px 0px 0px;\npadding-bottom:10px;\ncolor:#ffffff;\n}\nbody .av-special-heading.av-latarxib-6929d54263b68acb3c8dec7151ae54b3 .av-special-heading-tag .heading-char{\nfont-size:25px;\n}\n#top #wrap_all .av-special-heading.av-latarxib-6929d54263b68acb3c8dec7151ae54b3 .av-special-heading-tag{\npadding:0px 0px 0px 0px;\n}\n.av-special-heading.av-latarxib-6929d54263b68acb3c8dec7151ae54b3 .special-heading-inner-border{\nborder-color:#ffffff;\n}\n.av-special-heading.av-latarxib-6929d54263b68acb3c8dec7151ae54b3 .av-subheading{\nfont-size:15px;\n}\n<\/style>\n<div  id=\"ortasubbaslik\"  class='av-special-heading av-latarxib-6929d54263b68acb3c8dec7151ae54b3 av-special-heading-h3 custom-color-heading blockquote modern-quote modern-centered  avia-builder-el-2  avia-builder-el-no-sibling  ortasubbaslik ortasubbaslik'><h3 class='av-special-heading-tag'  itemprop=\"headline\"  >d\u2019Entreprise<\/h3><div class=\"special-heading-border\"><div class=\"special-heading-inner-border\"><\/div><\/div><\/div><\/div>\n<\/div><\/div><\/main><!-- close content main element --><\/div><\/div><\/div><div id='av_section_2'  class='avia-section av-21t3n-ab306b48bc04bd19d6a34123373bc9e4 main_color avia-section-default avia-no-border-styling  avia-builder-el-4  el_after_av_section  el_before_av_section  avia-bg-style-scroll container_wrap fullsize'  ><div class='container av-section-cont-open' ><div class='template-page content  av-content-full alpha units'><div class='post-entry post-entry-type-page post-entry-3603'><div class='entry-content-wrapper clearfix'>\n\n<style type=\"text\/css\" data-created_by=\"avia_inline_auto\" id=\"style-css-av-7kxe77-8c70a9252bb8e76f99441c1e5f0654d5\">\n#top .av-special-heading.av-7kxe77-8c70a9252bb8e76f99441c1e5f0654d5{\nmargin:0px 0px 0px 0px;\npadding-bottom:20px;\ncolor:#282b2d;\nfont-size:38px;\n}\nbody .av-special-heading.av-7kxe77-8c70a9252bb8e76f99441c1e5f0654d5 .av-special-heading-tag .heading-char{\nfont-size:25px;\n}\n#top #wrap_all .av-special-heading.av-7kxe77-8c70a9252bb8e76f99441c1e5f0654d5 .av-special-heading-tag{\nfont-size:38px;\npadding:0px 0px 0px 0px;\n}\n.av-special-heading.av-7kxe77-8c70a9252bb8e76f99441c1e5f0654d5 .special-heading-inner-border{\nborder-color:#282b2d;\n}\n.av-special-heading.av-7kxe77-8c70a9252bb8e76f99441c1e5f0654d5 .av-subheading{\nfont-size:15px;\ncolor:#ff172d;\n}\n\n@media only screen and (min-width: 480px) and (max-width: 767px){ \n#top #wrap_all .av-special-heading.av-7kxe77-8c70a9252bb8e76f99441c1e5f0654d5 .av-special-heading-tag{\nfont-size:0.8em;\n}\n}\n\n@media only screen and (max-width: 479px){ \n#top #wrap_all .av-special-heading.av-7kxe77-8c70a9252bb8e76f99441c1e5f0654d5 .av-special-heading-tag{\nfont-size:0.8em;\n}\n}\n<\/style>\n<div  id=\"baslik\"  class='av-special-heading av-7kxe77-8c70a9252bb8e76f99441c1e5f0654d5 av-special-heading-h3 custom-color-heading blockquote modern-quote modern-centered  avia-builder-el-5  el_before_av_one_half  avia-builder-el-first  baslik baslik av-inherit-size'><div class='av_custom_color av-subheading av-subheading_above'><p>DOM\u0130NYAY Industrie des ressorts et des machines<\/p>\n<\/div><h3 class='av-special-heading-tag'  itemprop=\"headline\"  >Votre Partenaire de Solutions pour les Produits Industriels\u2026<\/h3><div class=\"special-heading-border\"><div class=\"special-heading-inner-border\"><\/div><\/div><\/div>\n<div class='flex_column av-2b6bzn-d6cb6ee9cf7573b0e810388aa6f6f7b5 av_one_half  avia-builder-el-6  el_after_av_heading  el_before_av_one_half  first flex_column_div '     ><section  class='av_textblock_section av-latdxprj-9f6f12660f38c6f974564a20474977cb'  itemscope=\"itemscope\" itemtype=\"https:\/\/schema.org\/CreativeWork\" ><div class='avia_textblock'  itemprop=\"text\" ><p>Dominyay a \u00e9t\u00e9 cr\u00e9\u00e9e dans la zone industrielle organis\u00e9e d&#8217;Izmir Atat\u00fcrk en 1998 avec sa production et ses connaissances industrielles remontant \u00e0 1970.<\/p>\n<p>Dominyay est une entreprise qui fournit une gamme durable, extr\u00eamement durable et assez large de ressorts, clips, anneaux, goupilles, fils form\u00e9s et fils d&#8217;enjoliveur aux principaux secteurs de l&#8217;automobile, de l&#8217;\u00e9lectrom\u00e9nager et de diverses industries du monde. Notre entreprise vise toujours la haute qualit\u00e9 dans l&#8217;approvisionnement en produits et les processus de production avec ses nombreuses ann\u00e9es d&#8217;exp\u00e9rience.<\/p>\n<p>Dominyay contribue \u00e0 l&#8217;\u00e9conomie nationale en exportant les produits qu&#8217;elle fabrique. Notre soci\u00e9t\u00e9 joue un r\u00f4le actif dans le dimanche de l&#8217;Am\u00e9rique du Sud et de la Russie, en particulier dans les pays europ\u00e9ens. Notre entreprise attache de l&#8217;importance \u00e0 une croissance agressive bas\u00e9e sur les exportations et la coop\u00e9ration internationale.<\/p>\n<p>Dominyay est durable avec l&#8217;id\u00e9e de vivre et de travailler ensemble pour cr\u00e9er un b\u00e9n\u00e9fice commun, ce qui est l&#8217;\u00e9quivalent de Kyosei en termes de philosophie de gestion. il se d\u00e9roule conform\u00e9ment aux principes du Minnesota, qui sont bas\u00e9s sur la compr\u00e9hension du d\u00e9veloppement, l&#8217;approche des parties prenantes et les initiatives visant \u00e0 cr\u00e9er un environnement commercial \u00e9thique dans l&#8217;univers<\/p>\n<p>Notre soci\u00e9t\u00e9 s\u00e9lectionne avec soin les mati\u00e8res premi\u00e8res utilis\u00e9es dans le processus de milliers de produits de son portefeuille, en \u00e9tant consciente que les mati\u00e8res premi\u00e8res sont la partie la plus importante de la qualit\u00e9 du produit final dans le processus d&#8217;approvisionnement.<\/p>\n<p>En plus de mettre visuellement en valeur les produits, l&#8217;entreprise travaille avec des fournisseurs comp\u00e9tents dans le processus de rev\u00eatement, qui augmente leur dur\u00e9e de vie et leur durabilit\u00e9, et les processus de traitement thermique qui ajoutent de la r\u00e9sistance, de la durabilit\u00e9 et de la dur\u00e9e de vie aux produits.<\/p>\n<\/div><\/section><\/div><div class='flex_column av-1vws1f-73ef872bf956b70f980435189939e8c9 av_one_half  avia-builder-el-8  el_after_av_one_half  avia-builder-el-last  about-style-one about-style-one flex_column_div '     id=\"about-style-one\"   aria-label='about-style-one' ><\/div><\/div><\/div><\/div><!-- close content main div --><\/div><\/div><div id='av_section_3'  class='avia-section av-5jqksz-5d3ed11483e154123e4c21352bc47116 main_color avia-section-default avia-no-border-styling  avia-builder-el-10  el_after_av_section  avia-builder-el-last  avia-bg-style-scroll container_wrap fullsize'  ><div class='container av-section-cont-open' ><div class='template-page content  av-content-full alpha units'><div class='post-entry post-entry-type-page post-entry-3603'><div class='entry-content-wrapper clearfix'>\n<div class='flex_column_table av-4bj54z-001cb678b92a4af32d532ae49c831b20 sc-av_one_third av-equal-height-column-flextable'><div class='flex_column av-4bj54z-001cb678b92a4af32d532ae49c831b20 av_one_third  avia-builder-el-11  el_before_av_two_third  avia-builder-el-first  first flex_column_table_cell av-equal-height-column av-align-top '     ><p>\n<style type=\"text\/css\" data-created_by=\"avia_inline_auto\" id=\"style-css-av-lemjwnr9-c9a5b1e7266b36062acb94fb576642f8\">\n.avia-image-container.av-lemjwnr9-c9a5b1e7266b36062acb94fb576642f8 img.avia_image{\nbox-shadow:none;\n}\n.avia-image-container.av-lemjwnr9-c9a5b1e7266b36062acb94fb576642f8 .av-image-caption-overlay-center{\ncolor:#ffffff;\n}\n<\/style>\n<div  class='avia-image-container av-lemjwnr9-c9a5b1e7266b36062acb94fb576642f8 av-styling-circle avia-align-center  avia-builder-el-12  el_before_av_heading  avia-builder-el-first '   itemprop=\"image\" itemscope=\"itemscope\" itemtype=\"https:\/\/schema.org\/ImageObject\" ><div class=\"avia-image-container-inner\"><div class=\"avia-image-overlay-wrap\"><img decoding=\"async\" class='wp-image-4049 avia-img-lazy-loading-not-4049 avia_image ' src=\"https:\/\/dominyay.com.tr\/fr\/wp-content\/uploads\/2023\/02\/bukre-kavcin-300x300.jpg\" alt='' title='bukre-kavcin'  height=\"300\" width=\"300\"  itemprop=\"thumbnailUrl\" srcset=\"https:\/\/dominyay.com.tr\/fr\/wp-content\/uploads\/2023\/02\/bukre-kavcin-300x300.jpg 300w, https:\/\/dominyay.com.tr\/fr\/wp-content\/uploads\/2023\/02\/bukre-kavcin-80x80.jpg 80w, https:\/\/dominyay.com.tr\/fr\/wp-content\/uploads\/2023\/02\/bukre-kavcin-768x768.jpg 768w, https:\/\/dominyay.com.tr\/fr\/wp-content\/uploads\/2023\/02\/bukre-kavcin-36x36.jpg 36w, https:\/\/dominyay.com.tr\/fr\/wp-content\/uploads\/2023\/02\/bukre-kavcin-180x180.jpg 180w, https:\/\/dominyay.com.tr\/fr\/wp-content\/uploads\/2023\/02\/bukre-kavcin-705x705.jpg 705w, https:\/\/dominyay.com.tr\/fr\/wp-content\/uploads\/2023\/02\/bukre-kavcin.jpg 800w\" sizes=\"(max-width: 300px) 100vw, 300px\" \/><\/div><\/div><\/div><br \/>\n\n<style type=\"text\/css\" data-created_by=\"avia_inline_auto\" id=\"style-css-av-latbeehy-25beec4e8e6b7072d985c7d1c25484c0\">\n#top .av-special-heading.av-latbeehy-25beec4e8e6b7072d985c7d1c25484c0{\nmargin:0px 0px 0px 0px;\npadding-bottom:20px;\ncolor:#282b2d;\nfont-size:38px;\n}\nbody .av-special-heading.av-latbeehy-25beec4e8e6b7072d985c7d1c25484c0 .av-special-heading-tag .heading-char{\nfont-size:25px;\n}\n#top #wrap_all .av-special-heading.av-latbeehy-25beec4e8e6b7072d985c7d1c25484c0 .av-special-heading-tag{\nfont-size:38px;\npadding:0px 0px 0px 0px;\n}\n.av-special-heading.av-latbeehy-25beec4e8e6b7072d985c7d1c25484c0 .special-heading-inner-border{\nborder-color:#282b2d;\n}\n.av-special-heading.av-latbeehy-25beec4e8e6b7072d985c7d1c25484c0 .av-subheading{\nfont-size:15px;\ncolor:#ff172d;\n}\n\n@media only screen and (min-width: 480px) and (max-width: 767px){ \n#top #wrap_all .av-special-heading.av-latbeehy-25beec4e8e6b7072d985c7d1c25484c0 .av-special-heading-tag{\nfont-size:0.8em;\n}\n}\n\n@media only screen and (max-width: 479px){ \n#top #wrap_all .av-special-heading.av-latbeehy-25beec4e8e6b7072d985c7d1c25484c0 .av-special-heading-tag{\nfont-size:0.8em;\n}\n}\n<\/style>\n<div  id=\"baslik\"  class='av-special-heading av-latbeehy-25beec4e8e6b7072d985c7d1c25484c0 av-special-heading-h3 custom-color-heading blockquote modern-quote modern-centered  avia-builder-el-13  el_after_av_image  el_before_av_textblock  baslik baslik av-inherit-size'><h3 class='av-special-heading-tag'  itemprop=\"headline\"  > B\u00fckre KAV\u00c7\u0130N <\/h3><div class='av_custom_color av-subheading av-subheading_below'><p>CEO<\/p>\n<\/div><div class=\"special-heading-border\"><div class=\"special-heading-inner-border\"><\/div><\/div><\/div><br \/>\n<section  class='av_textblock_section av-leo0dbcj-629524525f4b866ffe63c42eb1bf12a6'  itemscope=\"itemscope\" itemtype=\"https:\/\/schema.org\/CreativeWork\" ><div class='avia_textblock'  itemprop=\"text\" ><p style=\"text-align: center;\">Inscrivez-vous \u00e0 notre bulletin \u00e9lectronique<\/p>\n<p style=\"text-align: center;\">Il est dipl\u00f4m\u00e9 de l&#8217;UNIVERSIT\u00c9 du PROCHE-ORIENT en COMMERCE INTERNATIONAL (anglais). Il est un leader actif et un conf\u00e9rencier international dans les domaines de l&#8217;innovation, de la strat\u00e9gie commerciale et des activit\u00e9s d&#8217;approvisionnement strat\u00e9gique.<\/p>\n<p style=\"text-align: center;\">Avec son exp\u00e9rience acquise depuis de nombreuses ann\u00e9es, elle domine les principaux secteurs de l&#8217;industrie automobile, des produits blancs, du m\u00e9dical et de la d\u00e9fense de la Turquie, en particulier les entreprises mondiales.<\/p>\n<p style=\"text-align: center;\">\n<style type=\"text\/css\" data-created_by=\"avia_inline_auto\" id=\"style-css-av-29a6ab-122f3f53da4ab4e3411bf27eded61b7a\">\n.av_font_icon.av-29a6ab-122f3f53da4ab4e3411bf27eded61b7a{\ncolor:#0a66c2;\nborder-color:#0a66c2;\n}\n.av_font_icon.av-29a6ab-122f3f53da4ab4e3411bf27eded61b7a .av-icon-char{\nfont-size:40px;\nline-height:40px;\n}\n<\/style>\n<span  class='av_font_icon av-29a6ab-122f3f53da4ab4e3411bf27eded61b7a avia_animate_when_visible av-icon-style- avia-icon-pos-center avia-icon-animate'><a href='https:\/\/www.linkedin.com\/in\/bkavcin' target=\"_blank\" rel=\"noopener noreferrer\" class='av-icon-char' aria-hidden='true' data-av_icon='\ue8fd' data-av_iconfont='entypo-fontello'><\/a><\/span><\/p>\n<\/div><\/section><\/p><\/div><div class='av-flex-placeholder'><\/div><div class='flex_column av-dgo7hv-cd8587b342d8bac2fe09667365748b09 av_two_third  avia-builder-el-16  el_after_av_one_third  avia-builder-el-last  flex_column_table_cell av-equal-height-column av-align-top '     ><p>\n<style type=\"text\/css\" data-created_by=\"avia_inline_auto\" id=\"style-css-av-d3steb-1498af459ac0ea8958d7a010e8f73e23\">\n#top .av-special-heading.av-d3steb-1498af459ac0ea8958d7a010e8f73e23{\nmargin:0px 0px 0px 0px;\npadding-bottom:20px;\ncolor:#282b2d;\nfont-size:38px;\n}\nbody .av-special-heading.av-d3steb-1498af459ac0ea8958d7a010e8f73e23 .av-special-heading-tag .heading-char{\nfont-size:25px;\n}\n#top #wrap_all .av-special-heading.av-d3steb-1498af459ac0ea8958d7a010e8f73e23 .av-special-heading-tag{\nfont-size:38px;\npadding:0px 0px 0px 0px;\n}\n.av-special-heading.av-d3steb-1498af459ac0ea8958d7a010e8f73e23 .special-heading-inner-border{\nborder-color:#282b2d;\n}\n.av-special-heading.av-d3steb-1498af459ac0ea8958d7a010e8f73e23 .av-subheading{\nfont-size:15px;\ncolor:#ff172d;\n}\n\n@media only screen and (min-width: 480px) and (max-width: 767px){ \n#top #wrap_all .av-special-heading.av-d3steb-1498af459ac0ea8958d7a010e8f73e23 .av-special-heading-tag{\nfont-size:0.8em;\n}\n}\n\n@media only screen and (max-width: 479px){ \n#top #wrap_all .av-special-heading.av-d3steb-1498af459ac0ea8958d7a010e8f73e23 .av-special-heading-tag{\nfont-size:0.8em;\n}\n}\n<\/style>\n<div  id=\"baslik\"  class='av-special-heading av-d3steb-1498af459ac0ea8958d7a010e8f73e23 av-special-heading-h3 custom-color-heading blockquote modern-quote modern-centered  avia-builder-el-17  el_before_av_icongrid  avia-builder-el-first  baslik baslik av-inherit-size'><h3 class='av-special-heading-tag'  itemprop=\"headline\"  >Nos Valeurs<\/h3><div class=\"special-heading-border\"><div class=\"special-heading-inner-border\"><\/div><\/div><\/div><br \/>\n\n<style type=\"text\/css\" data-created_by=\"avia_inline_auto\" id=\"style-css-av-leo21l9h-eac0227cdc515264e39cc2158110ed51\">\n.avia-icon-grid-container.av-leo21l9h-eac0227cdc515264e39cc2158110ed51 .avia-icongrid{\njustify-content:space-between;\n}\n.avia-icon-grid-container.av-leo21l9h-eac0227cdc515264e39cc2158110ed51 li.av-icon-cell-item{\nflex-basis:calc(20% - 4.8px);\n}\n.avia-icon-grid-container.av-leo21l9h-eac0227cdc515264e39cc2158110ed51 .avia-icongrid-wrapper .avia-icongrid-icon{\ncolor:#ff172e;\n}\n\n@media only screen and (min-width: 768px) and (max-width: 989px){ \n#top .avia-icon-grid-container.av-leo21l9h-eac0227cdc515264e39cc2158110ed51 .avia-icongrid.av-flex-cells.av-can-break-50.av-50-break-989 li{\nflex:0 1 calc(50% - 3px);\n}\n}\n\n@media only screen and (max-width: 767px){ \n#top .avia-icon-grid-container.av-leo21l9h-eac0227cdc515264e39cc2158110ed51 .avia-icongrid.av-flex-cells.av-can-break-50.av-50-break-767 li{\nflex:0 1 calc(50% - 3px);\n}\n}\n<\/style>\n\n<style type=\"text\/css\" data-created_by=\"avia_inline_auto\" id=\"style-css-sub-av-leo21l9h-eac0227cdc515264e39cc2158110ed51\">\n.avia-icon-grid-container .avia-icongrid-wrapper.av-leo21iwo-06cd14891d09258ade0a21ee7fd95091 .avia-icongrid-front{\nbox-shadow: 2px 2px 0px 0px #dddddd;\n}\n.avia-icon-grid-container .avia-icongrid-wrapper.av-leo21iwo-4-df84513b59035f4351b9cfbfa4716c08 .avia-icongrid-front{\nbox-shadow: 2px 2px 0px 0px #dddddd;\n}\n.avia-icon-grid-container .avia-icongrid-wrapper.av-leo21iwo-3-509b6c8002d11b862f0ce716aef6e646 .avia-icongrid-front{\nbox-shadow: 2px 2px 0px 0px #dddddd;\n}\n.avia-icon-grid-container .avia-icongrid-wrapper.av-leo21iwo-2-ec8fa93d5add3763664f1ac8595afceb .avia-icongrid-front{\nbox-shadow: 2px 2px 0px 0px #dddddd;\n}\n.avia-icon-grid-container .avia-icongrid-wrapper.av-leo21iwo-1-e24bb37b352f982dae9b6b39d89f7268 .avia-icongrid-front{\nbox-shadow: 2px 2px 0px 0px #dddddd;\n}\n<\/style>\n<div  class='avia-icon-grid-container av-leo21l9h-eac0227cdc515264e39cc2158110ed51  avia-builder-el-18  el_after_av_heading  avia-builder-el-last ' ><ul id='avia-icongrid-69e65614dd76c' class='avia-icongrid clearfix avia_animate_when_almost_visible avia-icongrid-flipbox avia_flip_force_close avia-icongrid-numrow-5 avia-cell-space-between av-flex-cells av-break-767 av-can-break-50'>\n<li class='av-icon-cell-item av-row-with-5-cells av-row-nr-1 av-cell-1 av-first-cell-row av-first-cell-item'><div class='avia-icongrid-wrapper av-leo21iwo-06cd14891d09258ade0a21ee7fd95091'><article class='article-icon-entry '  itemscope=\"itemscope\" itemtype=\"https:\/\/schema.org\/CreativeWork\" ><div class='avia-icongrid-front '><div class=\"avia-icongrid-inner\"><div class='avia-icongrid-icon avia-font-domi3_'><span class='icongrid-char' aria-hidden='true' data-av_icon='\uf106' data-av_iconfont='domi3_'><\/span><\/div><header class=\"entry-content-header\"><h4 class='av_icongrid_title icongrid_title '  itemprop=\"headline\" >NOS RESSOURCES HUMAINES<\/h4><\/header><\/div><\/div><div class='avia-icongrid-flipback '><div class=\"avia-icongrid-inner\"><div class='avia-icongrid-text'  itemprop=\"text\" ><p style=\"text-align: center;\">SONT NOTRE PREMI\u00c8RE PRIORIT\u00c9<\/p>\n<\/div><\/div><\/div><\/article><\/div><\/li>\n<li class='av-icon-cell-item av-row-with-5-cells av-row-nr-1 av-cell-2 av-first-cell-row av-inner-cell-item'><div class='avia-icongrid-wrapper av-leo21iwo-4-df84513b59035f4351b9cfbfa4716c08'><article class='article-icon-entry '  itemscope=\"itemscope\" itemtype=\"https:\/\/schema.org\/CreativeWork\" ><div class='avia-icongrid-front '><div class=\"avia-icongrid-inner\"><div class='avia-icongrid-icon avia-font-domi3_'><span class='icongrid-char' aria-hidden='true' data-av_icon='\uf104' data-av_iconfont='domi3_'><\/span><\/div><header class=\"entry-content-header\"><h4 class='av_icongrid_title icongrid_title '  itemprop=\"headline\" >LA QUALIT\u00c9 DE LA PRODUCTION<\/h4><\/header><\/div><\/div><div class='avia-icongrid-flipback '><div class=\"avia-icongrid-inner\"><div class='avia-icongrid-text'  itemprop=\"text\" ><p style=\"text-align: center;\">EST NOTRE OBJECTIF LE PLUS IMPORTANT<\/p>\n<\/div><\/div><\/div><\/article><\/div><\/li>\n<li class='av-icon-cell-item av-row-with-5-cells av-row-nr-1 av-cell-3 av-first-cell-row av-inner-cell-item'><div class='avia-icongrid-wrapper av-leo21iwo-3-509b6c8002d11b862f0ce716aef6e646'><article class='article-icon-entry '  itemscope=\"itemscope\" itemtype=\"https:\/\/schema.org\/CreativeWork\" ><div class='avia-icongrid-front '><div class=\"avia-icongrid-inner\"><div class='avia-icongrid-icon avia-font-domi3_'><span class='icongrid-char' aria-hidden='true' data-av_icon='\uf103' data-av_iconfont='domi3_'><\/span><\/div><header class=\"entry-content-header\"><h4 class='av_icongrid_title icongrid_title '  itemprop=\"headline\" >D\u00e9veloppement<\/h4><\/header><\/div><\/div><div class='avia-icongrid-flipback '><div class=\"avia-icongrid-inner\"><div class='avia-icongrid-text'  itemprop=\"text\" ><p>NOTRE CONTINUIT\u00c9<\/p>\n<\/div><\/div><\/div><\/article><\/div><\/li>\n<li class='av-icon-cell-item av-row-with-5-cells av-row-nr-1 av-cell-4 av-first-cell-row av-inner-cell-item'><div class='avia-icongrid-wrapper av-leo21iwo-2-ec8fa93d5add3763664f1ac8595afceb'><article class='article-icon-entry '  itemscope=\"itemscope\" itemtype=\"https:\/\/schema.org\/CreativeWork\" ><div class='avia-icongrid-front '><div class=\"avia-icongrid-inner\"><div class='avia-icongrid-icon avia-font-domi3_'><span class='icongrid-char' aria-hidden='true' data-av_icon='\uf101' data-av_iconfont='domi3_'><\/span><\/div><header class=\"entry-content-header\"><h4 class='av_icongrid_title icongrid_title '  itemprop=\"headline\" >SYNERGIE<\/h4><\/header><\/div><\/div><div class='avia-icongrid-flipback '><div class=\"avia-icongrid-inner\"><div class='avia-icongrid-text'  itemprop=\"text\" ><p>NOTRE PUISSANCE<\/p>\n<\/div><\/div><\/div><\/article><\/div><\/li>\n<li class='av-icon-cell-item av-row-with-5-cells av-row-nr-1 av-cell-5 av-first-cell-row av-last-cell-item'><div class='avia-icongrid-wrapper av-leo21iwo-1-e24bb37b352f982dae9b6b39d89f7268'><article class='article-icon-entry '  itemscope=\"itemscope\" itemtype=\"https:\/\/schema.org\/CreativeWork\" ><div class='avia-icongrid-front '><div class=\"avia-icongrid-inner\"><div class='avia-icongrid-icon avia-font-domi3_'><span class='icongrid-char' aria-hidden='true' data-av_icon='\uf105' data-av_iconfont='domi3_'><\/span><\/div><header class=\"entry-content-header\"><h4 class='av_icongrid_title icongrid_title '  itemprop=\"headline\" >NOTRE OBJECTIF<\/h4><\/header><\/div><\/div><div class='avia-icongrid-flipback '><div class=\"avia-icongrid-inner\"><div class='avia-icongrid-text'  itemprop=\"text\" ><p style=\"text-align: center;\">NOTRE RESPONSABILIT\u00c9 ENVIRONNEMENTALE ET SOCIALE<\/p>\n<\/div><\/div><\/div><\/article><\/div><\/li>\n<\/ul><\/div><\/p><\/div><\/div><!--close column table wrapper. Autoclose: 1 --><\/p>\n","protected":false},"excerpt":{"rendered":"","protected":false},"author":1,"featured_media":0,"parent":0,"menu_order":0,"comment_status":"closed","ping_status":"closed","template":"","meta":{"footnotes":""},"class_list":["post-3603","page","type-page","status-publish","hentry"],"_links":{"self":[{"href":"https:\/\/dominyay.com.tr\/fr\/wp-json\/wp\/v2\/pages\/3603","targetHints":{"allow":["GET"]}}],"collection":[{"href":"https:\/\/dominyay.com.tr\/fr\/wp-json\/wp\/v2\/pages"}],"about":[{"href":"https:\/\/dominyay.com.tr\/fr\/wp-json\/wp\/v2\/types\/page"}],"author":[{"embeddable":true,"href":"https:\/\/dominyay.com.tr\/fr\/wp-json\/wp\/v2\/users\/1"}],"replies":[{"embeddable":true,"href":"https:\/\/dominyay.com.tr\/fr\/wp-json\/wp\/v2\/comments?post=3603"}],"version-history":[{"count":80,"href":"https:\/\/dominyay.com.tr\/fr\/wp-json\/wp\/v2\/pages\/3603\/revisions"}],"predecessor-version":[{"id":3612,"href":"https:\/\/dominyay.com.tr\/fr\/wp-json\/wp\/v2\/pages\/3603\/revisions\/3612"}],"wp:attachment":[{"href":"https:\/\/dominyay.com.tr\/fr\/wp-json\/wp\/v2\/media?parent=3603"}],"curies":[{"name":"wp","href":"https:\/\/api.w.org\/{rel}","templated":true}]}}