{"id":3838,"date":"2023-01-19T17:35:00","date_gmt":"2023-01-19T14:35:00","guid":{"rendered":"https:\/\/dominyay.com.tr\/de\/?page_id=3838"},"modified":"2023-05-02T15:13:06","modified_gmt":"2023-05-02T12:13:06","slug":"erp-yazilim-software","status":"publish","type":"page","link":"https:\/\/dominyay.com.tr\/de\/erp-yazilim-software\/","title":{"rendered":"ERP Yaz\u0131l\u0131m \/ Software"},"content":{"rendered":"\n<style type=\"text\/css\" data-created_by=\"avia_inline_auto\" id=\"style-css-av-eousha-4bc2b8977b3b751d3a959e21d11f0bad\">\n.avia-section.av-eousha-4bc2b8977b3b751d3a959e21d11f0bad{\nbackground-repeat:no-repeat;\nbackground-image:url(https:\/\/dominyay.com.tr\/de\/wp-content\/uploads\/2023\/01\/altzmein1.jpg);\nbackground-position:0% 50%;\nbackground-attachment:scroll;\n}\n.avia-section.av-eousha-4bc2b8977b3b751d3a959e21d11f0bad .av-section-color-overlay{\nopacity:0.5;\nbackground-color:#020202;\n}\n<\/style>\n<div id='av_section_1'  class='avia-section av-eousha-4bc2b8977b3b751d3a959e21d11f0bad main_color avia-section-default avia-no-border-styling  avia-builder-el-0  el_before_av_section  avia-builder-el-first  avia-full-stretch avia-bg-style-scroll av-section-color-overlay-active av-minimum-height av-minimum-height-50  container_wrap fullsize'  data-section-bg-repeat='stretch' data-av_minimum_height_pc='50'><div class=\"av-section-color-overlay-wrap\"><div class=\"av-section-color-overlay\"><\/div><div class='container av-section-cont-open' ><main  role=\"main\" itemprop=\"mainContentOfPage\"  class='template-page content  av-content-full alpha units'><div class='post-entry post-entry-type-page post-entry-3838'><div class='entry-content-wrapper clearfix'>\n<div class='flex_column av-cs72zy-cb7aeecc975ec2588c778f5359094245 av_one_full  avia-builder-el-1  el_before_av_codeblock  avia-builder-el-first  first flex_column_div '     ><style type=\"text\/css\" data-created_by=\"avia_inline_auto\" id=\"style-css-av-ld372efm-cede18a05230d0a8dbffc34177eb9c82\">\n#top .av-special-heading.av-ld372efm-cede18a05230d0a8dbffc34177eb9c82{\nmargin:0px 0px 0px 0px;\npadding-bottom:10px;\ncolor:#ffffff;\n}\nbody .av-special-heading.av-ld372efm-cede18a05230d0a8dbffc34177eb9c82 .av-special-heading-tag .heading-char{\nfont-size:25px;\n}\n#top #wrap_all .av-special-heading.av-ld372efm-cede18a05230d0a8dbffc34177eb9c82 .av-special-heading-tag{\npadding:0px 0px 0px 0px;\n}\n.av-special-heading.av-ld372efm-cede18a05230d0a8dbffc34177eb9c82 .special-heading-inner-border{\nborder-color:#ffffff;\n}\n.av-special-heading.av-ld372efm-cede18a05230d0a8dbffc34177eb9c82 .av-subheading{\nfont-size:15px;\n}\n<\/style>\n<div  id=\"ortasubbaslik\"  class='av-special-heading av-ld372efm-cede18a05230d0a8dbffc34177eb9c82 av-special-heading-h3 custom-color-heading blockquote modern-quote modern-centered  avia-builder-el-2  avia-builder-el-no-sibling  ortasubbaslik ortasubbaslik'><h3 class='av-special-heading-tag'  itemprop=\"headline\"  >ERP Yaz\u0131l\u0131m \/ Software<\/h3><div class=\"special-heading-border\"><div class=\"special-heading-inner-border\"><\/div><\/div><\/div><\/div>\n\n<\/div><\/div><\/main><!-- close content main element --><\/div><\/div><\/div><div id='av_section_2'  class='avia-section av-98i8vy-28b0f9c947ab5ca22fefeaee8494793c main_color avia-section-default avia-no-border-styling  avia-builder-el-4  el_after_av_section  avia-builder-el-last  avia-bg-style-scroll container_wrap fullsize'  ><div class='container av-section-cont-open' ><div class='template-page content  av-content-full alpha units'><div class='post-entry post-entry-type-page post-entry-3838'><div class='entry-content-wrapper clearfix'>\n\n<style type=\"text\/css\" data-created_by=\"avia_inline_auto\" id=\"style-css-av-ld372oug-0d69a2db874e42cf65e529621f9eb5fb\">\n#top .av-special-heading.av-ld372oug-0d69a2db874e42cf65e529621f9eb5fb{\nmargin:0px 0px 0px 0px;\npadding-bottom:20px;\ncolor:#282b2d;\nfont-size:38px;\n}\nbody .av-special-heading.av-ld372oug-0d69a2db874e42cf65e529621f9eb5fb .av-special-heading-tag .heading-char{\nfont-size:25px;\n}\n#top #wrap_all .av-special-heading.av-ld372oug-0d69a2db874e42cf65e529621f9eb5fb .av-special-heading-tag{\nfont-size:38px;\npadding:0px 0px 0px 0px;\n}\n.av-special-heading.av-ld372oug-0d69a2db874e42cf65e529621f9eb5fb .special-heading-inner-border{\nborder-color:#282b2d;\n}\n.av-special-heading.av-ld372oug-0d69a2db874e42cf65e529621f9eb5fb .av-subheading{\nfont-size:15px;\ncolor:#ff172d;\n}\n\n@media only screen and (min-width: 480px) and (max-width: 767px){ \n#top #wrap_all .av-special-heading.av-ld372oug-0d69a2db874e42cf65e529621f9eb5fb .av-special-heading-tag{\nfont-size:0.8em;\n}\n}\n\n@media only screen and (max-width: 479px){ \n#top #wrap_all .av-special-heading.av-ld372oug-0d69a2db874e42cf65e529621f9eb5fb .av-special-heading-tag{\nfont-size:0.8em;\n}\n}\n<\/style>\n<div  id=\"baslik\"  class='av-special-heading av-ld372oug-0d69a2db874e42cf65e529621f9eb5fb av-special-heading-h3 custom-color-heading blockquote modern-quote modern-centered  avia-builder-el-5  el_before_av_image  avia-builder-el-first  baslik baslik av-inherit-size'><div class='av_custom_color av-subheading av-subheading_above'><p>DOM\u0130NYAY Feder- und Maschinenindustrie<\/p>\n<\/div><h3 class='av-special-heading-tag'  itemprop=\"headline\"  >SOFTWARE-UNTERST\u00dcTZTES PRODUKTIONSPROZESS-MANAGEMENT<\/h3><div class=\"special-heading-border\"><div class=\"special-heading-inner-border\"><\/div><\/div><\/div>\n\n<style type=\"text\/css\" data-created_by=\"avia_inline_auto\" id=\"style-css-av-ld379n52-8f42206ac74991db8b2e290740cee48c\">\n.avia-image-container.av-ld379n52-8f42206ac74991db8b2e290740cee48c img.avia_image{\nbox-shadow:none;\n}\n.avia-image-container.av-ld379n52-8f42206ac74991db8b2e290740cee48c .av-image-caption-overlay-center{\ncolor:#ffffff;\n}\n<\/style>\n<div  class='avia-image-container av-ld379n52-8f42206ac74991db8b2e290740cee48c av-styling- avia-align-center  avia-builder-el-6  el_after_av_heading  el_before_av_one_half '   itemprop=\"image\" itemscope=\"itemscope\" itemtype=\"https:\/\/schema.org\/ImageObject\" ><div class=\"avia-image-container-inner\"><div class=\"avia-image-overlay-wrap\"><img decoding=\"async\" class='wp-image-3987 avia-img-lazy-loading-not-3987 avia_image ' src=\"https:\/\/dominyay.com.tr\/de\/wp-content\/uploads\/2023\/01\/logolar.jpg\" alt='' title='logolar'  height=\"120\" width=\"409\"  itemprop=\"thumbnailUrl\" srcset=\"https:\/\/dominyay.com.tr\/de\/wp-content\/uploads\/2023\/01\/logolar.jpg 409w, https:\/\/dominyay.com.tr\/de\/wp-content\/uploads\/2023\/01\/logolar-300x88.jpg 300w\" sizes=\"(max-width: 409px) 100vw, 409px\" \/><\/div><\/div><\/div>\n<div class='flex_column_table av-77w08e-f6aaf6d049f43e5d966f56ce488429da sc-av_one_half av-equal-height-column-flextable'>\n<style type=\"text\/css\" data-created_by=\"avia_inline_auto\" id=\"style-css-av-77w08e-f6aaf6d049f43e5d966f56ce488429da\">\n.flex_column.av-77w08e-f6aaf6d049f43e5d966f56ce488429da{\nwidth:48.5%;\nmargin-left:0;\n}\n#top .flex_column_table.av-equal-height-column-flextable.av-77w08e-f6aaf6d049f43e5d966f56ce488429da .av-flex-placeholder{\nwidth:3%;\n}\n<\/style>\n<div class='flex_column av-77w08e-f6aaf6d049f43e5d966f56ce488429da av_one_half  avia-builder-el-7  el_after_av_image  el_before_av_one_half  about-style-one about-style-one first flex_column_table_cell av-equal-height-column av-align-top '     id=\"about-style-one\"   aria-label='about-style-one' ><\/div><div class='av-flex-placeholder'><\/div>\n<style type=\"text\/css\" data-created_by=\"avia_inline_auto\" id=\"style-css-av-4sncym-ffc7895215929846625f0d10a04c3344\">\n.flex_column.av-4sncym-ffc7895215929846625f0d10a04c3344{\nwidth:48.5%;\nmargin-left:0;\n}\n#top .flex_column_table.av-equal-height-column-flextable.av-4sncym-ffc7895215929846625f0d10a04c3344 .av-flex-placeholder{\nwidth:3%;\n}\n<\/style>\n<div class='flex_column av-4sncym-ffc7895215929846625f0d10a04c3344 av_one_half  avia-builder-el-9  el_after_av_one_half  avia-builder-el-last  flex_column_table_cell av-equal-height-column av-align-top '     ><p><section  class='av_textblock_section av-28bo6m-3015ec28441841e15f4bf38875db1c84'  itemscope=\"itemscope\" itemtype=\"https:\/\/schema.org\/CreativeWork\" ><div class='avia_textblock'  itemprop=\"text\" ><p><span data-sheets-value=\"{&quot;1&quot;:2,&quot;2&quot;:&quot;Durch die Digitalisierung aller Betriebsprozesse will sich Dominyay vor m\u00f6glichen menschlichen Fehlern sch\u00fctzen, die angestrebten Qualit\u00e4tsparameter sicherstellen und die Fristen so genau wie m\u00f6glich einhalten.\\n\\nUnser Unternehmen optimiert aktiv sein Wissensmanagement und die digitalisierten Betriebsabl\u00e4ufe, um seine digitalen F\u00e4higkeiten zu beschleunigen. Neben den Produktions- und Logistikabl\u00e4ufen ist auch das Qualit\u00e4tssicherungssystem in diesen digitalen Prozess eingebunden.&quot;}\" data-sheets-userformat=\"{&quot;2&quot;:769,&quot;3&quot;:{&quot;1&quot;:0},&quot;11&quot;:4,&quot;12&quot;:0}\">Durch die Digitalisierung aller Betriebsprozesse will sich Dominyay vor m\u00f6glichen menschlichen Fehlern sch\u00fctzen, die angestrebten Qualit\u00e4tsparameter sicherstellen und die Fristen so genau wie m\u00f6glich einhalten.<\/span><\/p>\n<p>Unser Unternehmen optimiert aktiv sein Wissensmanagement und die digitalisierten Betriebsabl\u00e4ufe, um seine digitalen F\u00e4higkeiten zu beschleunigen. Neben den Produktions- und Logistikabl\u00e4ufen ist auch das Qualit\u00e4tssicherungssystem in diesen digitalen Prozess eingebunden.<\/p>\n<\/div><\/section><br \/>\n\n<style type=\"text\/css\" data-created_by=\"avia_inline_auto\" id=\"style-css-av-ld37ces9-4d90cb81ec7e7c661f8bf31e4a33e8c8\">\n#top .av-special-heading.av-ld37ces9-4d90cb81ec7e7c661f8bf31e4a33e8c8{\nmargin:0px 0px 0px 0px;\npadding-bottom:20px;\ncolor:#282b2d;\nfont-size:38px;\n}\nbody .av-special-heading.av-ld37ces9-4d90cb81ec7e7c661f8bf31e4a33e8c8 .av-special-heading-tag .heading-char{\nfont-size:25px;\n}\n#top #wrap_all .av-special-heading.av-ld37ces9-4d90cb81ec7e7c661f8bf31e4a33e8c8 .av-special-heading-tag{\nfont-size:38px;\npadding:0px 0px 0px 0px;\n}\n.av-special-heading.av-ld37ces9-4d90cb81ec7e7c661f8bf31e4a33e8c8 .special-heading-inner-border{\nborder-color:#282b2d;\n}\n.av-special-heading.av-ld37ces9-4d90cb81ec7e7c661f8bf31e4a33e8c8 .av-subheading{\nfont-size:15px;\n}\n\n@media only screen and (min-width: 480px) and (max-width: 767px){ \n#top #wrap_all .av-special-heading.av-ld37ces9-4d90cb81ec7e7c661f8bf31e4a33e8c8 .av-special-heading-tag{\nfont-size:0.8em;\n}\n}\n\n@media only screen and (max-width: 479px){ \n#top #wrap_all .av-special-heading.av-ld37ces9-4d90cb81ec7e7c661f8bf31e4a33e8c8 .av-special-heading-tag{\nfont-size:0.8em;\n}\n}\n<\/style>\n<div  id=\"baslik\"  class='av-special-heading av-ld37ces9-4d90cb81ec7e7c661f8bf31e4a33e8c8 av-special-heading-h3 custom-color-heading blockquote modern-quote  avia-builder-el-11  el_after_av_textblock  el_before_av_textblock  baslik baslik av-inherit-size'><h3 class='av-special-heading-tag'  itemprop=\"headline\"  >eBA Workflow-Anwendung<\/h3><div class=\"special-heading-border\"><div class=\"special-heading-inner-border\"><\/div><\/div><\/div><br \/>\n<section  class='av_textblock_section av-ld37d6zf-43671944a8f5438f25ab0802f3cfb783'  itemscope=\"itemscope\" itemtype=\"https:\/\/schema.org\/CreativeWork\" ><div class='avia_textblock'  itemprop=\"text\" ><p><span data-sheets-value=\"{&quot;1&quot;:2,&quot;2&quot;:&quot;Verbessert die Leistung der Prozesse durch Standardisierung und Automatisierung von Gesch\u00e4ftsabl\u00e4ufen. Tr\u00e4gt zur effektiven Nutzung der Unternehmensressourcen bei, indem es die Prozesskosten reduziert. Eba:\\n- Bietet eine starke Integration mit bestehenden operativen Systemen. - Es bietet eine einfache und schnelle Integration mit f\u00fchrenden ERP-Systemen wie SAP, AXAPTA, Oracle, Netsis, Logo, Nebim, Mikro.\\n- Es ist offen f\u00fcr die Integration mit Unternehmensportalen \u00fcber Webdienste. - Es bietet eine starke Webpart-Integration mit dem Sharepoint-Portal.\\n- Es erm\u00f6glicht die Integration von Gesch\u00e4ftsprozessen au\u00dferhalb von ERP-Systemen in ERP-Systeme.\\n- Es erleichtert die Verwaltung von Gesch\u00e4ftsprozessen, die auf Papier in einer elektronischen Umgebung ablaufen. Verhindert falsche Dateneingaben durch Kommunikation mit bestehenden operativen Systemen in der elektronischen Umgebung.&quot;}\" data-sheets-userformat=\"{&quot;2&quot;:769,&quot;3&quot;:{&quot;1&quot;:0},&quot;11&quot;:4,&quot;12&quot;:0}\">Verbessert die Leistung der Prozesse durch Standardisierung und Automatisierung von Gesch\u00e4ftsabl\u00e4ufen. Tr\u00e4gt zur effektiven Nutzung der Unternehmensressourcen bei, indem es die Prozesskosten reduziert. Eba:<br \/>\n&#8211; Bietet eine starke Integration mit bestehenden operativen Systemen. &#8211; Es bietet eine einfache und schnelle Integration mit f\u00fchrenden ERP-Systemen wie SAP, AXAPTA, Oracle, Netsis, Logo, Nebim, Mikro.<br \/>\n&#8211; Es ist offen f\u00fcr die Integration mit Unternehmensportalen \u00fcber Webdienste. &#8211; Es bietet eine starke Webpart-Integration mit dem Sharepoint-Portal.<br \/>\n&#8211; Es erm\u00f6glicht die Integration von Gesch\u00e4ftsprozessen au\u00dferhalb von ERP-Systemen in ERP-Systeme.<br \/>\n&#8211; Es erleichtert die Verwaltung von Gesch\u00e4ftsprozessen, die auf Papier in einer elektronischen Umgebung ablaufen. Verhindert falsche Dateneingaben durch Kommunikation mit bestehenden operativen Systemen in der elektronischen Umgebung.<\/span><\/p>\n<\/div><\/section><br \/>\n\n<style type=\"text\/css\" data-created_by=\"avia_inline_auto\" id=\"style-css-av-ld37nig0-fdce2004729d5ecd0c7e419c6d5ae135\">\n#top .av-special-heading.av-ld37nig0-fdce2004729d5ecd0c7e419c6d5ae135{\nmargin:0px 0px 0px 0px;\npadding-bottom:20px;\ncolor:#282b2d;\nfont-size:38px;\n}\nbody .av-special-heading.av-ld37nig0-fdce2004729d5ecd0c7e419c6d5ae135 .av-special-heading-tag .heading-char{\nfont-size:25px;\n}\n#top #wrap_all .av-special-heading.av-ld37nig0-fdce2004729d5ecd0c7e419c6d5ae135 .av-special-heading-tag{\nfont-size:38px;\npadding:0px 0px 0px 0px;\n}\n.av-special-heading.av-ld37nig0-fdce2004729d5ecd0c7e419c6d5ae135 .special-heading-inner-border{\nborder-color:#282b2d;\n}\n.av-special-heading.av-ld37nig0-fdce2004729d5ecd0c7e419c6d5ae135 .av-subheading{\nfont-size:15px;\n}\n\n@media only screen and (min-width: 480px) and (max-width: 767px){ \n#top #wrap_all .av-special-heading.av-ld37nig0-fdce2004729d5ecd0c7e419c6d5ae135 .av-special-heading-tag{\nfont-size:0.8em;\n}\n}\n\n@media only screen and (max-width: 479px){ \n#top #wrap_all .av-special-heading.av-ld37nig0-fdce2004729d5ecd0c7e419c6d5ae135 .av-special-heading-tag{\nfont-size:0.8em;\n}\n}\n<\/style>\n<div  id=\"baslik\"  class='av-special-heading av-ld37nig0-fdce2004729d5ecd0c7e419c6d5ae135 av-special-heading-h3 custom-color-heading blockquote modern-quote  avia-builder-el-13  el_after_av_textblock  el_before_av_textblock  baslik baslik av-inherit-size'><h3 class='av-special-heading-tag'  itemprop=\"headline\"  >Software<\/h3><div class=\"special-heading-border\"><div class=\"special-heading-inner-border\"><\/div><\/div><\/div><br \/>\n<section  class='av_textblock_section av-ld37ndun-3fafadba48cdefb4735d9b73ab5c244f'  itemscope=\"itemscope\" itemtype=\"https:\/\/schema.org\/CreativeWork\" ><div class='avia_textblock'  itemprop=\"text\" ><p><span data-sheets-value=\"{&quot;1&quot;:2,&quot;2&quot;:&quot;Die QDMS-Anwendung ist eine freundliche Managementsysteml\u00f6sung, die entwickelt wurde, um die angestrebte Qualit\u00e4t zu realisieren. QDMS beseitigt die Abh\u00e4ngigkeit von Einzelpersonen in Ihren Managementsystemprozessen und \u00f6ffnet die T\u00fcren, um mit einem Systemansatz anders und wegweisend zu sein. Seine Vorteile k\u00f6nnen wie folgt gez\u00e4hlt werden.&quot;}\" data-sheets-userformat=\"{&quot;2&quot;:769,&quot;3&quot;:{&quot;1&quot;:0},&quot;11&quot;:4,&quot;12&quot;:0}\">Die QDMS-Anwendung ist eine freundliche Managementsysteml\u00f6sung, die entwickelt wurde, um die angestrebte Qualit\u00e4t zu realisieren. QDMS beseitigt die Abh\u00e4ngigkeit von Einzelpersonen in Ihren Managementsystemprozessen und \u00f6ffnet die T\u00fcren, um mit einem Systemansatz anders und wegweisend zu sein. Seine Vorteile k\u00f6nnen wie folgt gez\u00e4hlt werden.<\/span><\/p>\n<p><span data-sheets-value=\"{&quot;1&quot;:2,&quot;2&quot;:&quot;- Schaffung eines Unternehmensged\u00e4chtnisses und eines unternehmensweiten Wissenspools\\n- Modularer und parametrischer Aufbau - Mehrsprachige Unterst\u00fctzung\\n- Unterst\u00fctzung f\u00fcr mobile Ger\u00e4te\\n- Browserunabh\u00e4ngige Bedienung - Zugriff von \u00fcberall mit Webtechnologie\\n- Zeitersparnis, Schaffung unabh\u00e4ngiger Arbeitsabl\u00e4ufe\\n- Schnelle und einfache Inbetriebnahme\\n- \u00dcbernahme von Routineaufgaben\\n- Management ohne Abh\u00e4ngigkeit von Personen\\n- Anpassung an sich \u00e4ndernde Bedingungen\\n- Leicht zu erlernen\\n- QDMS Native Mobile Anwendung&quot;}\" data-sheets-userformat=\"{&quot;2&quot;:769,&quot;3&quot;:{&quot;1&quot;:0},&quot;11&quot;:4,&quot;12&quot;:0}\">&#8211; Schaffung eines Unternehmensged\u00e4chtnisses und eines unternehmensweiten Wissenspools<br \/>\n&#8211; Modularer und parametrischer Aufbau &#8211; Mehrsprachige Unterst\u00fctzung<br \/>\n&#8211; Unterst\u00fctzung f\u00fcr mobile Ger\u00e4te<br \/>\n&#8211; Browserunabh\u00e4ngige Bedienung &#8211; Zugriff von \u00fcberall mit Webtechnologie<br \/>\n&#8211; Zeitersparnis, Schaffung unabh\u00e4ngiger Arbeitsabl\u00e4ufe<br \/>\n&#8211; Schnelle und einfache Inbetriebnahme<br \/>\n&#8211; \u00dcbernahme von Routineaufgaben<br \/>\n&#8211; Management ohne Abh\u00e4ngigkeit von Personen<br \/>\n&#8211; Anpassung an sich \u00e4ndernde Bedingungen<br \/>\n&#8211; Leicht zu erlernen<br \/>\n&#8211; QDMS Native Mobile Anwendung<\/span><\/p>\n<\/div><\/section><\/p><\/div><\/div><!--close column table wrapper. Autoclose: 1 -->\n","protected":false},"excerpt":{"rendered":"","protected":false},"author":1,"featured_media":0,"parent":0,"menu_order":0,"comment_status":"closed","ping_status":"closed","template":"","meta":{"footnotes":""},"class_list":["post-3838","page","type-page","status-publish","hentry"],"_links":{"self":[{"href":"https:\/\/dominyay.com.tr\/de\/wp-json\/wp\/v2\/pages\/3838","targetHints":{"allow":["GET"]}}],"collection":[{"href":"https:\/\/dominyay.com.tr\/de\/wp-json\/wp\/v2\/pages"}],"about":[{"href":"https:\/\/dominyay.com.tr\/de\/wp-json\/wp\/v2\/types\/page"}],"author":[{"embeddable":true,"href":"https:\/\/dominyay.com.tr\/de\/wp-json\/wp\/v2\/users\/1"}],"replies":[{"embeddable":true,"href":"https:\/\/dominyay.com.tr\/de\/wp-json\/wp\/v2\/comments?post=3838"}],"version-history":[{"count":20,"href":"https:\/\/dominyay.com.tr\/de\/wp-json\/wp\/v2\/pages\/3838\/revisions"}],"predecessor-version":[{"id":3980,"href":"https:\/\/dominyay.com.tr\/de\/wp-json\/wp\/v2\/pages\/3838\/revisions\/3980"}],"wp:attachment":[{"href":"https:\/\/dominyay.com.tr\/de\/wp-json\/wp\/v2\/media?parent=3838"}],"curies":[{"name":"wp","href":"https:\/\/api.w.org\/{rel}","templated":true}]}}