{"id":3603,"date":"2022-11-23T09:21:32","date_gmt":"2022-11-23T06:21:32","guid":{"rendered":"https:\/\/dominyay.com.tr\/de\/?page_id=3603"},"modified":"2023-05-02T17:08:02","modified_gmt":"2023-05-02T14:08:02","slug":"hakkimizda-baski-yaylari-cekme-yaylari-tel-formlandirma-jant-kapak-telleri","status":"publish","type":"page","link":"https:\/\/dominyay.com.tr\/de\/hakkimizda-baski-yaylari-cekme-yaylari-tel-formlandirma-jant-kapak-telleri\/","title":{"rendered":"Unternehmen"},"content":{"rendered":"\n<style type=\"text\/css\" data-created_by=\"avia_inline_auto\" id=\"style-css-av-lat9fbb4-b368cafdbad4b400627f8edff1a8b42d\">\n.avia-section.av-lat9fbb4-b368cafdbad4b400627f8edff1a8b42d{\nbackground-repeat:no-repeat;\nbackground-image:url(https:\/\/dominyay.com.tr\/de\/wp-content\/uploads\/2022\/11\/keader2.jpg);\nbackground-position:0% 0%;\nbackground-attachment:scroll;\n}\n.avia-section.av-lat9fbb4-b368cafdbad4b400627f8edff1a8b42d .av-section-color-overlay{\nopacity:0.5;\nbackground-color:#020202;\n}\n<\/style>\n<div id='av_section_1'  class='avia-section av-lat9fbb4-b368cafdbad4b400627f8edff1a8b42d main_color avia-section-default avia-no-border-styling  avia-builder-el-0  el_before_av_section  avia-builder-el-first  avia-bg-style-scroll av-section-color-overlay-active av-minimum-height av-minimum-height-45  container_wrap fullsize'  data-section-bg-repeat='no-repeat' data-av_minimum_height_pc='45'><div class=\"av-section-color-overlay-wrap\"><div class=\"av-section-color-overlay\"><\/div><div class='container av-section-cont-open' ><main  role=\"main\" itemprop=\"mainContentOfPage\"  class='template-page content  av-content-full alpha units'><div class='post-entry post-entry-type-page post-entry-3603'><div class='entry-content-wrapper clearfix'>\n<div class='flex_column av-2hzykz-10d6a39700ca43fe73bb026a1449253c av_one_full  avia-builder-el-1  el_before_av_codeblock  avia-builder-el-first  first flex_column_div '     ><style type=\"text\/css\" data-created_by=\"avia_inline_auto\" id=\"style-css-av-latarxib-efcb1de129733856d282bccb909ea3bf\">\n#top .av-special-heading.av-latarxib-efcb1de129733856d282bccb909ea3bf{\nmargin:0px 0px 0px 0px;\npadding-bottom:10px;\ncolor:#ffffff;\n}\nbody .av-special-heading.av-latarxib-efcb1de129733856d282bccb909ea3bf .av-special-heading-tag .heading-char{\nfont-size:25px;\n}\n#top #wrap_all .av-special-heading.av-latarxib-efcb1de129733856d282bccb909ea3bf .av-special-heading-tag{\npadding:0px 0px 0px 0px;\n}\n.av-special-heading.av-latarxib-efcb1de129733856d282bccb909ea3bf .special-heading-inner-border{\nborder-color:#ffffff;\n}\n.av-special-heading.av-latarxib-efcb1de129733856d282bccb909ea3bf .av-subheading{\nfont-size:15px;\n}\n<\/style>\n<div  id=\"ortasubbaslik\"  class='av-special-heading av-latarxib-efcb1de129733856d282bccb909ea3bf av-special-heading-h3 custom-color-heading blockquote modern-quote modern-centered  avia-builder-el-2  avia-builder-el-no-sibling  ortasubbaslik ortasubbaslik'><h3 class='av-special-heading-tag'  itemprop=\"headline\"  >Unternehmen<\/h3><div class=\"special-heading-border\"><div class=\"special-heading-inner-border\"><\/div><\/div><\/div><\/div>\n\n<\/div><\/div><\/main><!-- close content main element --><\/div><\/div><\/div><div id='av_section_2'  class='avia-section av-21t3n-ab306b48bc04bd19d6a34123373bc9e4 main_color avia-section-default avia-no-border-styling  avia-builder-el-4  el_after_av_section  el_before_av_section  avia-bg-style-scroll container_wrap fullsize'  ><div class='container av-section-cont-open' ><div class='template-page content  av-content-full alpha units'><div class='post-entry post-entry-type-page post-entry-3603'><div class='entry-content-wrapper clearfix'>\n\n<style type=\"text\/css\" data-created_by=\"avia_inline_auto\" id=\"style-css-av-7kxe77-648462d7d62f41ed2b30cc630f1cbf63\">\n#top .av-special-heading.av-7kxe77-648462d7d62f41ed2b30cc630f1cbf63{\nmargin:0px 0px 0px 0px;\npadding-bottom:20px;\ncolor:#282b2d;\nfont-size:38px;\n}\nbody .av-special-heading.av-7kxe77-648462d7d62f41ed2b30cc630f1cbf63 .av-special-heading-tag .heading-char{\nfont-size:25px;\n}\n#top #wrap_all .av-special-heading.av-7kxe77-648462d7d62f41ed2b30cc630f1cbf63 .av-special-heading-tag{\nfont-size:38px;\npadding:0px 0px 0px 0px;\n}\n.av-special-heading.av-7kxe77-648462d7d62f41ed2b30cc630f1cbf63 .special-heading-inner-border{\nborder-color:#282b2d;\n}\n.av-special-heading.av-7kxe77-648462d7d62f41ed2b30cc630f1cbf63 .av-subheading{\nfont-size:15px;\ncolor:#ff172d;\n}\n\n@media only screen and (min-width: 480px) and (max-width: 767px){ \n#top #wrap_all .av-special-heading.av-7kxe77-648462d7d62f41ed2b30cc630f1cbf63 .av-special-heading-tag{\nfont-size:0.8em;\n}\n}\n\n@media only screen and (max-width: 479px){ \n#top #wrap_all .av-special-heading.av-7kxe77-648462d7d62f41ed2b30cc630f1cbf63 .av-special-heading-tag{\nfont-size:0.8em;\n}\n}\n<\/style>\n<div  id=\"baslik\"  class='av-special-heading av-7kxe77-648462d7d62f41ed2b30cc630f1cbf63 av-special-heading-h3 custom-color-heading blockquote modern-quote modern-centered  avia-builder-el-5  el_before_av_one_half  avia-builder-el-first  baslik baslik av-inherit-size'><div class='av_custom_color av-subheading av-subheading_above'><p>DOM\u0130NYAY Feder- und Maschinenindustrie<\/p>\n<\/div><h3 class='av-special-heading-tag'  itemprop=\"headline\"  >Ihr L\u00f6sungspartner f\u00fcr industrielle Produkte&#8230;<\/h3><div class=\"special-heading-border\"><div class=\"special-heading-inner-border\"><\/div><\/div><\/div>\n<div class='flex_column av-2b6bzn-d6cb6ee9cf7573b0e810388aa6f6f7b5 av_one_half  avia-builder-el-6  el_after_av_heading  el_before_av_one_half  first flex_column_div '     ><section  class='av_textblock_section av-latdxprj-9f6f12660f38c6f974564a20474977cb'  itemscope=\"itemscope\" itemtype=\"https:\/\/schema.org\/CreativeWork\" ><div class='avia_textblock'  itemprop=\"text\" ><p>Dominyay wurde 1998 in der Atat\u00fcrk-Industriezone in \u0130zmir gegr\u00fcndet und verf\u00fcgt \u00fcber ein Produktions- und Industrie-Know-how, das bis ins Jahr 1970 zur\u00fcckreicht. Dominyay ist ein langlebiges, \u00e4u\u00dferst strapazierf\u00e4higes und umfangreiches Sortiment an Federn, Klammern, Sprengringen, Stiften, geformtem Draht und Radabdeckungsdraht f\u00fcr die weltweit f\u00fchrenden Unternehmen der Automobil-, Wei\u00dfwaren- und einer Vielzahl von Branchen. Mit seiner langj\u00e4hrigen Erfahrung strebt unser Unternehmen stets nach hoher Qualit\u00e4t bei der Produktlieferung und den Produktionsprozessen Dominyay tr\u00e4gt durch den Export der von ihm hergestellten Produkte zur nationalen Wirtschaft bei.Unser Unternehmen spielt eine aktive Rolle auf den M\u00e4rkten in S\u00fcdamerika und Russland, insbesondere in den europ\u00e4ischen L\u00e4ndern.Mit einem aggressiven, auf dem Export basierenden Wachstum legt unser Unternehmen Wert auf gezielte internationale Kooperationen. Dominyay arbeitet nach den Minnesota-Prinzipien des Verst\u00e4ndnisses von nachhaltiger Entwicklung, des Stakeholder-Ansatzes und der Initiativen zur Schaffung eines universell ethischen Gesch\u00e4ftsumfelds mit der Idee, gemeinsam zu leben und zu arbeiten, um einen gemeinsamen Nutzen zu schaffen, was in Bezug auf die Managementphilosophie das \u00c4quivalent zu Kyosei ist.Im Beschaffungsprozess w\u00e4hlt unser Unternehmen sorgf\u00e4ltig die Rohstoffe aus, die bei der Verarbeitung von Tausenden von verschiedenen Produkten in seinem Portfolio verwendet werden, in dem Bewusstsein, dass der wichtigste Anteil an der Qualit\u00e4t des Endprodukts der Rohstoff ist, und arbeitet mit kompetenten Lieferanten bei den W\u00e4rmebehandlungsprozessen zusammen, die den Produkten Festigkeit, Haltbarkeit und Lebensdauer verleihen, sowie bei den Beschichtungsprozessen, die den Produkten Festigkeit, Haltbarkeit und Lebensdauer verleihen und sie optisch hervorheben.<\/p>\n<\/div><\/section><\/div><div class='flex_column av-1vws1f-73ef872bf956b70f980435189939e8c9 av_one_half  avia-builder-el-8  el_after_av_one_half  avia-builder-el-last  about-style-one about-style-one flex_column_div '     id=\"about-style-one\"   aria-label='about-style-one' ><\/div>\n\n<\/div><\/div><\/div><!-- close content main div --><\/div><\/div><div id='av_section_3'  class='avia-section av-5jqksz-5d3ed11483e154123e4c21352bc47116 main_color avia-section-default avia-no-border-styling  avia-builder-el-10  el_after_av_section  avia-builder-el-last  avia-bg-style-scroll container_wrap fullsize'  ><div class='container av-section-cont-open' ><div class='template-page content  av-content-full alpha units'><div class='post-entry post-entry-type-page post-entry-3603'><div class='entry-content-wrapper clearfix'>\n<div class='flex_column_table av-4bj54z-001cb678b92a4af32d532ae49c831b20 sc-av_one_third av-equal-height-column-flextable'><div class='flex_column av-4bj54z-001cb678b92a4af32d532ae49c831b20 av_one_third  avia-builder-el-11  el_before_av_two_third  avia-builder-el-first  first flex_column_table_cell av-equal-height-column av-align-top '     ><p>\n<style type=\"text\/css\" data-created_by=\"avia_inline_auto\" id=\"style-css-av-lemjwnr9-5faebd04b09156e4a926655c0ec8fe38\">\n.avia-image-container.av-lemjwnr9-5faebd04b09156e4a926655c0ec8fe38 img.avia_image{\nbox-shadow:none;\n}\n.avia-image-container.av-lemjwnr9-5faebd04b09156e4a926655c0ec8fe38 .av-image-caption-overlay-center{\ncolor:#ffffff;\n}\n<\/style>\n<div  class='avia-image-container av-lemjwnr9-5faebd04b09156e4a926655c0ec8fe38 av-styling-circle avia-align-center  avia-builder-el-12  el_before_av_heading  avia-builder-el-first '   itemprop=\"image\" itemscope=\"itemscope\" itemtype=\"https:\/\/schema.org\/ImageObject\" ><div class=\"avia-image-container-inner\"><div class=\"avia-image-overlay-wrap\"><img decoding=\"async\" class='wp-image-4049 avia-img-lazy-loading-not-4049 avia_image ' src=\"https:\/\/dominyay.com.tr\/de\/wp-content\/uploads\/2023\/02\/bukre-kavcin-300x300.jpg\" alt='' title='bukre-kavcin'  height=\"300\" width=\"300\"  itemprop=\"thumbnailUrl\" srcset=\"https:\/\/dominyay.com.tr\/de\/wp-content\/uploads\/2023\/02\/bukre-kavcin-300x300.jpg 300w, https:\/\/dominyay.com.tr\/de\/wp-content\/uploads\/2023\/02\/bukre-kavcin-80x80.jpg 80w, https:\/\/dominyay.com.tr\/de\/wp-content\/uploads\/2023\/02\/bukre-kavcin-768x768.jpg 768w, https:\/\/dominyay.com.tr\/de\/wp-content\/uploads\/2023\/02\/bukre-kavcin-36x36.jpg 36w, https:\/\/dominyay.com.tr\/de\/wp-content\/uploads\/2023\/02\/bukre-kavcin-180x180.jpg 180w, https:\/\/dominyay.com.tr\/de\/wp-content\/uploads\/2023\/02\/bukre-kavcin-705x705.jpg 705w, https:\/\/dominyay.com.tr\/de\/wp-content\/uploads\/2023\/02\/bukre-kavcin.jpg 800w\" sizes=\"(max-width: 300px) 100vw, 300px\" \/><\/div><\/div><\/div><br \/>\n\n<style type=\"text\/css\" data-created_by=\"avia_inline_auto\" id=\"style-css-av-latbeehy-25beec4e8e6b7072d985c7d1c25484c0\">\n#top .av-special-heading.av-latbeehy-25beec4e8e6b7072d985c7d1c25484c0{\nmargin:0px 0px 0px 0px;\npadding-bottom:20px;\ncolor:#282b2d;\nfont-size:38px;\n}\nbody .av-special-heading.av-latbeehy-25beec4e8e6b7072d985c7d1c25484c0 .av-special-heading-tag .heading-char{\nfont-size:25px;\n}\n#top #wrap_all .av-special-heading.av-latbeehy-25beec4e8e6b7072d985c7d1c25484c0 .av-special-heading-tag{\nfont-size:38px;\npadding:0px 0px 0px 0px;\n}\n.av-special-heading.av-latbeehy-25beec4e8e6b7072d985c7d1c25484c0 .special-heading-inner-border{\nborder-color:#282b2d;\n}\n.av-special-heading.av-latbeehy-25beec4e8e6b7072d985c7d1c25484c0 .av-subheading{\nfont-size:15px;\ncolor:#ff172d;\n}\n\n@media only screen and (min-width: 480px) and (max-width: 767px){ \n#top #wrap_all .av-special-heading.av-latbeehy-25beec4e8e6b7072d985c7d1c25484c0 .av-special-heading-tag{\nfont-size:0.8em;\n}\n}\n\n@media only screen and (max-width: 479px){ \n#top #wrap_all .av-special-heading.av-latbeehy-25beec4e8e6b7072d985c7d1c25484c0 .av-special-heading-tag{\nfont-size:0.8em;\n}\n}\n<\/style>\n<div  id=\"baslik\"  class='av-special-heading av-latbeehy-25beec4e8e6b7072d985c7d1c25484c0 av-special-heading-h3 custom-color-heading blockquote modern-quote modern-centered  avia-builder-el-13  el_after_av_image  el_before_av_textblock  baslik baslik av-inherit-size'><h3 class='av-special-heading-tag'  itemprop=\"headline\"  > B\u00fckre KAV\u00c7\u0130N <\/h3><div class='av_custom_color av-subheading av-subheading_below'><p>CEO<\/p>\n<\/div><div class=\"special-heading-border\"><div class=\"special-heading-inner-border\"><\/div><\/div><\/div><br \/>\n<section  class='av_textblock_section av-leo0dbcj-629524525f4b866ffe63c42eb1bf12a6'  itemscope=\"itemscope\" itemtype=\"https:\/\/schema.org\/CreativeWork\" ><div class='avia_textblock'  itemprop=\"text\" ><p style=\"text-align: center;\">Er ist Absolvent der YAKINDO\u011eU UNIVERSITY INTERNATIONAL BUSINESS (ENGLISCH). Er ist eine aktive F\u00fchrungspers\u00f6nlichkeit und ein internationaler Redner zu den Themen Innovation, Unternehmensstrategie und strategische Beschaffung. Dank seiner langj\u00e4hrigen Erfahrung kennt er die f\u00fchrenden t\u00fcrkischen Unternehmen der Automobil-, Haushaltsger\u00e4te-, Medizin- und Verteidigungsindustrie, insbesondere die weltweit t\u00e4tigen Unternehmen.<\/p>\n\n<style type=\"text\/css\" data-created_by=\"avia_inline_auto\" id=\"style-css-av-29a6ab-122f3f53da4ab4e3411bf27eded61b7a\">\n.av_font_icon.av-29a6ab-122f3f53da4ab4e3411bf27eded61b7a{\ncolor:#0a66c2;\nborder-color:#0a66c2;\n}\n.av_font_icon.av-29a6ab-122f3f53da4ab4e3411bf27eded61b7a .av-icon-char{\nfont-size:40px;\nline-height:40px;\n}\n<\/style>\n<span  class='av_font_icon av-29a6ab-122f3f53da4ab4e3411bf27eded61b7a avia_animate_when_visible av-icon-style- avia-icon-pos-center avia-icon-animate'><a href='https:\/\/www.linkedin.com\/in\/bkavcin' target=\"_blank\" rel=\"noopener noreferrer\" class='av-icon-char' aria-hidden='true' data-av_icon='\ue8fd' data-av_iconfont='entypo-fontello'><\/a><\/span>\n<\/div><\/section><\/p><\/div><div class='av-flex-placeholder'><\/div><div class='flex_column av-dgo7hv-cd8587b342d8bac2fe09667365748b09 av_two_third  avia-builder-el-16  el_after_av_one_third  avia-builder-el-last  flex_column_table_cell av-equal-height-column av-align-top '     ><p>\n<style type=\"text\/css\" data-created_by=\"avia_inline_auto\" id=\"style-css-av-d3steb-038f5835052a7028c45f60be1f54c136\">\n#top .av-special-heading.av-d3steb-038f5835052a7028c45f60be1f54c136{\nmargin:0px 0px 0px 0px;\npadding-bottom:20px;\ncolor:#282b2d;\nfont-size:38px;\n}\nbody .av-special-heading.av-d3steb-038f5835052a7028c45f60be1f54c136 .av-special-heading-tag .heading-char{\nfont-size:25px;\n}\n#top #wrap_all .av-special-heading.av-d3steb-038f5835052a7028c45f60be1f54c136 .av-special-heading-tag{\nfont-size:38px;\npadding:0px 0px 0px 0px;\n}\n.av-special-heading.av-d3steb-038f5835052a7028c45f60be1f54c136 .special-heading-inner-border{\nborder-color:#282b2d;\n}\n.av-special-heading.av-d3steb-038f5835052a7028c45f60be1f54c136 .av-subheading{\nfont-size:15px;\ncolor:#ff172d;\n}\n\n@media only screen and (min-width: 480px) and (max-width: 767px){ \n#top #wrap_all .av-special-heading.av-d3steb-038f5835052a7028c45f60be1f54c136 .av-special-heading-tag{\nfont-size:0.8em;\n}\n}\n\n@media only screen and (max-width: 479px){ \n#top #wrap_all .av-special-heading.av-d3steb-038f5835052a7028c45f60be1f54c136 .av-special-heading-tag{\nfont-size:0.8em;\n}\n}\n<\/style>\n<div  id=\"baslik\"  class='av-special-heading av-d3steb-038f5835052a7028c45f60be1f54c136 av-special-heading-h3 custom-color-heading blockquote modern-quote modern-centered  avia-builder-el-17  el_before_av_icongrid  avia-builder-el-first  baslik baslik av-inherit-size'><h3 class='av-special-heading-tag'  itemprop=\"headline\"  >Unsere Werte<\/h3><div class=\"special-heading-border\"><div class=\"special-heading-inner-border\"><\/div><\/div><\/div><br \/>\n\n<style type=\"text\/css\" data-created_by=\"avia_inline_auto\" id=\"style-css-av-leo21l9h-eac0227cdc515264e39cc2158110ed51\">\n.avia-icon-grid-container.av-leo21l9h-eac0227cdc515264e39cc2158110ed51 .avia-icongrid{\njustify-content:space-between;\n}\n.avia-icon-grid-container.av-leo21l9h-eac0227cdc515264e39cc2158110ed51 li.av-icon-cell-item{\nflex-basis:calc(20% - 4.8px);\n}\n.avia-icon-grid-container.av-leo21l9h-eac0227cdc515264e39cc2158110ed51 .avia-icongrid-wrapper .avia-icongrid-icon{\ncolor:#ff172e;\n}\n\n@media only screen and (min-width: 768px) and (max-width: 989px){ \n#top .avia-icon-grid-container.av-leo21l9h-eac0227cdc515264e39cc2158110ed51 .avia-icongrid.av-flex-cells.av-can-break-50.av-50-break-989 li{\nflex:0 1 calc(50% - 3px);\n}\n}\n\n@media only screen and (max-width: 767px){ \n#top .avia-icon-grid-container.av-leo21l9h-eac0227cdc515264e39cc2158110ed51 .avia-icongrid.av-flex-cells.av-can-break-50.av-50-break-767 li{\nflex:0 1 calc(50% - 3px);\n}\n}\n<\/style>\n\n<style type=\"text\/css\" data-created_by=\"avia_inline_auto\" id=\"style-css-sub-av-leo21l9h-eac0227cdc515264e39cc2158110ed51\">\n.avia-icon-grid-container .avia-icongrid-wrapper.av-leo21iwo-b36e618d8902d9e45d78d70c40d9c8f5 .avia-icongrid-front{\nbox-shadow: 2px 2px 0px 0px #dddddd;\n}\n.avia-icon-grid-container .avia-icongrid-wrapper.av-leo21iwo-4-c9a03cdf49aba1d465901c717df885cb .avia-icongrid-front{\nbox-shadow: 2px 2px 0px 0px #dddddd;\n}\n.avia-icon-grid-container .avia-icongrid-wrapper.av-leo21iwo-3-4ced3c221e1c6fc44f68197c11bec504 .avia-icongrid-front{\nbox-shadow: 2px 2px 0px 0px #dddddd;\n}\n.avia-icon-grid-container .avia-icongrid-wrapper.av-leo21iwo-2-88ffcb63bbe4b17f1c840c90daf97ad2 .avia-icongrid-front{\nbox-shadow: 2px 2px 0px 0px #dddddd;\n}\n.avia-icon-grid-container .avia-icongrid-wrapper.av-leo21iwo-1-bb8ca36df7205abdadd4037cae68519c .avia-icongrid-front{\nbox-shadow: 2px 2px 0px 0px #dddddd;\n}\n<\/style>\n<div  class='avia-icon-grid-container av-leo21l9h-eac0227cdc515264e39cc2158110ed51  avia-builder-el-18  el_after_av_heading  avia-builder-el-last ' ><ul id='avia-icongrid-69db71431fa3a' class='avia-icongrid clearfix avia_animate_when_almost_visible avia-icongrid-flipbox avia_flip_force_close avia-icongrid-numrow-5 avia-cell-space-between av-flex-cells av-break-767 av-can-break-50'>\n<li class='av-icon-cell-item av-row-with-5-cells av-row-nr-1 av-cell-1 av-first-cell-row av-first-cell-item'><div class='avia-icongrid-wrapper av-leo21iwo-b36e618d8902d9e45d78d70c40d9c8f5'><article class='article-icon-entry '  itemscope=\"itemscope\" itemtype=\"https:\/\/schema.org\/CreativeWork\" ><div class='avia-icongrid-front '><div class=\"avia-icongrid-inner\"><div class='avia-icongrid-icon avia-font-domi3_'><span class='icongrid-char' aria-hidden='true' data-av_icon='\uf106' data-av_iconfont='domi3_'><\/span><\/div><header class=\"entry-content-header\"><h4 class='av_icongrid_title icongrid_title '  itemprop=\"headline\" >HUMANRESSOURCEN<\/h4><\/header><\/div><\/div><div class='avia-icongrid-flipback '><div class=\"avia-icongrid-inner\"><div class='avia-icongrid-text'  itemprop=\"text\" ><p style=\"text-align: center;\"><span data-sheets-value=\"{\" data-sheets-userformat=\"{\">UNSERE ERSTE PRIORIT\u00c4T<\/span><\/p>\n<\/div><\/div><\/div><\/article><\/div><\/li>\n<li class='av-icon-cell-item av-row-with-5-cells av-row-nr-1 av-cell-2 av-first-cell-row av-inner-cell-item'><div class='avia-icongrid-wrapper av-leo21iwo-4-c9a03cdf49aba1d465901c717df885cb'><article class='article-icon-entry '  itemscope=\"itemscope\" itemtype=\"https:\/\/schema.org\/CreativeWork\" ><div class='avia-icongrid-front '><div class=\"avia-icongrid-inner\"><div class='avia-icongrid-icon avia-font-domi3_'><span class='icongrid-char' aria-hidden='true' data-av_icon='\uf104' data-av_iconfont='domi3_'><\/span><\/div><header class=\"entry-content-header\"><h4 class='av_icongrid_title icongrid_title '  itemprop=\"headline\" >HOCHWERTIGE PRODUKTION<\/h4><\/header><\/div><\/div><div class='avia-icongrid-flipback '><div class=\"avia-icongrid-inner\"><div class='avia-icongrid-text'  itemprop=\"text\" ><p style=\"text-align: center;\"><span data-sheets-value=\"{\" data-sheets-userformat=\"{\">ES MUSS UNBEDINGT SEIN<\/span><\/p>\n<\/div><\/div><\/div><\/article><\/div><\/li>\n<li class='av-icon-cell-item av-row-with-5-cells av-row-nr-1 av-cell-3 av-first-cell-row av-inner-cell-item'><div class='avia-icongrid-wrapper av-leo21iwo-3-4ced3c221e1c6fc44f68197c11bec504'><article class='article-icon-entry '  itemscope=\"itemscope\" itemtype=\"https:\/\/schema.org\/CreativeWork\" ><div class='avia-icongrid-front '><div class=\"avia-icongrid-inner\"><div class='avia-icongrid-icon avia-font-domi3_'><span class='icongrid-char' aria-hidden='true' data-av_icon='\uf103' data-av_iconfont='domi3_'><\/span><\/div><header class=\"entry-content-header\"><h4 class='av_icongrid_title icongrid_title '  itemprop=\"headline\" >ENTWICKLUNG<\/h4><\/header><\/div><\/div><div class='avia-icongrid-flipback '><div class=\"avia-icongrid-inner\"><div class='avia-icongrid-text'  itemprop=\"text\" ><p><span data-sheets-value=\"{\" data-sheets-userformat=\"{\">UNSERE KONTINUIT\u00c4T<\/span><\/p>\n<\/div><\/div><\/div><\/article><\/div><\/li>\n<li class='av-icon-cell-item av-row-with-5-cells av-row-nr-1 av-cell-4 av-first-cell-row av-inner-cell-item'><div class='avia-icongrid-wrapper av-leo21iwo-2-88ffcb63bbe4b17f1c840c90daf97ad2'><article class='article-icon-entry '  itemscope=\"itemscope\" itemtype=\"https:\/\/schema.org\/CreativeWork\" ><div class='avia-icongrid-front '><div class=\"avia-icongrid-inner\"><div class='avia-icongrid-icon avia-font-domi3_'><span class='icongrid-char' aria-hidden='true' data-av_icon='\uf101' data-av_iconfont='domi3_'><\/span><\/div><header class=\"entry-content-header\"><h4 class='av_icongrid_title icongrid_title '  itemprop=\"headline\" >Synergie<\/h4><\/header><\/div><\/div><div class='avia-icongrid-flipback '><div class=\"avia-icongrid-inner\"><div class='avia-icongrid-text'  itemprop=\"text\" ><p><span data-sheets-value=\"{\" data-sheets-userformat=\"{\">UNSERE ST\u00c4RKE<\/span><\/p>\n<\/div><\/div><\/div><\/article><\/div><\/li>\n<li class='av-icon-cell-item av-row-with-5-cells av-row-nr-1 av-cell-5 av-first-cell-row av-last-cell-item'><div class='avia-icongrid-wrapper av-leo21iwo-1-bb8ca36df7205abdadd4037cae68519c'><article class='article-icon-entry '  itemscope=\"itemscope\" itemtype=\"https:\/\/schema.org\/CreativeWork\" ><div class='avia-icongrid-front '><div class=\"avia-icongrid-inner\"><div class='avia-icongrid-icon avia-font-domi3_'><span class='icongrid-char' aria-hidden='true' data-av_icon='\uf105' data-av_iconfont='domi3_'><\/span><\/div><header class=\"entry-content-header\"><h4 class='av_icongrid_title icongrid_title '  itemprop=\"headline\" >UNSER FOKUS<\/h4><\/header><\/div><\/div><div class='avia-icongrid-flipback '><div class=\"avia-icongrid-inner\"><div class='avia-icongrid-text'  itemprop=\"text\" ><p style=\"text-align: center;\"><span data-sheets-value=\"{\" data-sheets-userformat=\"{\">UNSERE \u00d6KOLOGISCHE UND SOZIALE VERANTWORTUNG<\/span><\/p>\n<\/div><\/div><\/div><\/article><\/div><\/li>\n<\/ul><\/div><\/p><\/div><\/div><!--close column table wrapper. Autoclose: 1 -->\n","protected":false},"excerpt":{"rendered":"","protected":false},"author":1,"featured_media":0,"parent":0,"menu_order":0,"comment_status":"closed","ping_status":"closed","template":"","meta":{"footnotes":""},"class_list":["post-3603","page","type-page","status-publish","hentry"],"_links":{"self":[{"href":"https:\/\/dominyay.com.tr\/de\/wp-json\/wp\/v2\/pages\/3603","targetHints":{"allow":["GET"]}}],"collection":[{"href":"https:\/\/dominyay.com.tr\/de\/wp-json\/wp\/v2\/pages"}],"about":[{"href":"https:\/\/dominyay.com.tr\/de\/wp-json\/wp\/v2\/types\/page"}],"author":[{"embeddable":true,"href":"https:\/\/dominyay.com.tr\/de\/wp-json\/wp\/v2\/users\/1"}],"replies":[{"embeddable":true,"href":"https:\/\/dominyay.com.tr\/de\/wp-json\/wp\/v2\/comments?post=3603"}],"version-history":[{"count":85,"href":"https:\/\/dominyay.com.tr\/de\/wp-json\/wp\/v2\/pages\/3603\/revisions"}],"predecessor-version":[{"id":4161,"href":"https:\/\/dominyay.com.tr\/de\/wp-json\/wp\/v2\/pages\/3603\/revisions\/4161"}],"wp:attachment":[{"href":"https:\/\/dominyay.com.tr\/de\/wp-json\/wp\/v2\/media?parent=3603"}],"curies":[{"name":"wp","href":"https:\/\/api.w.org\/{rel}","templated":true}]}}